{"id":401,"date":"2019-02-12T17:16:24","date_gmt":"2019-02-12T19:16:24","guid":{"rendered":"http:\/\/www.companhiadaescalada.com.br\/pt\/?page_id=401"},"modified":"2024-05-11T13:24:44","modified_gmt":"2024-05-11T16:24:44","slug":"rock-climbing-experience-in-rio","status":"publish","type":"page","link":"https:\/\/companhiadaescalada.com.br\/ingles\/rock-climbing-experience-in-rio\/","title":{"rendered":"Rock Climbing Experience"},"content":{"rendered":"\t\t<div data-elementor-type=\"wp-page\" data-elementor-id=\"401\" class=\"elementor elementor-401\">\n\t\t\t\t\t\t<section class=\"elementor-section elementor-top-section elementor-element elementor-element-14c77c86 elementor-section-boxed elementor-section-height-default elementor-section-height-default\" data-id=\"14c77c86\" data-element_type=\"section\" data-e-type=\"section\">\n\t\t\t\t\t\t<div class=\"elementor-container elementor-column-gap-default\">\n\t\t\t\t\t<div class=\"elementor-column elementor-col-100 elementor-top-column elementor-element elementor-element-660e82c5\" data-id=\"660e82c5\" data-element_type=\"column\" data-e-type=\"column\">\n\t\t\t<div class=\"elementor-widget-wrap elementor-element-populated\">\n\t\t\t\t\t\t<div class=\"elementor-element elementor-element-15ee8da9 elementor-widget elementor-widget-heading\" data-id=\"15ee8da9\" data-element_type=\"widget\" data-e-type=\"widget\" data-widget_type=\"heading.default\">\n\t\t\t\t<div class=\"elementor-widget-container\">\n\t\t\t\t\t<h1 class=\"elementor-heading-title elementor-size-default\">Rock Climbing Experience in Rio<\/h1>\t\t\t\t<\/div>\n\t\t\t\t<\/div>\n\t\t\t\t<div class=\"elementor-element elementor-element-6ea54ee4 elementor-widget-divider--view-line elementor-widget elementor-widget-divider\" data-id=\"6ea54ee4\" data-element_type=\"widget\" data-e-type=\"widget\" data-widget_type=\"divider.default\">\n\t\t\t\t<div class=\"elementor-widget-container\">\n\t\t\t\t\t\t\t<div class=\"elementor-divider\">\n\t\t\t<span class=\"elementor-divider-separator\">\n\t\t\t\t\t\t<\/span>\n\t\t<\/div>\n\t\t\t\t\t\t<\/div>\n\t\t\t\t<\/div>\n\t\t\t\t\t<\/div>\n\t\t<\/div>\n\t\t\t\t\t<\/div>\n\t\t<\/section>\n\t\t\t\t<section class=\"elementor-section elementor-top-section elementor-element elementor-element-40dbe90b elementor-section-boxed elementor-section-height-default elementor-section-height-default\" data-id=\"40dbe90b\" data-element_type=\"section\" data-e-type=\"section\">\n\t\t\t\t\t\t<div class=\"elementor-container elementor-column-gap-default\">\n\t\t\t\t\t<div class=\"elementor-column elementor-col-100 elementor-top-column elementor-element elementor-element-a2ee1ee\" data-id=\"a2ee1ee\" data-element_type=\"column\" data-e-type=\"column\">\n\t\t\t<div class=\"elementor-widget-wrap elementor-element-populated\">\n\t\t\t\t\t\t<section class=\"elementor-section elementor-inner-section elementor-element elementor-element-30d3af9 elementor-section-boxed elementor-section-height-default elementor-section-height-default\" data-id=\"30d3af9\" data-element_type=\"section\" data-e-type=\"section\">\n\t\t\t\t\t\t<div class=\"elementor-container elementor-column-gap-wide\">\n\t\t\t\t\t<div class=\"elementor-column elementor-col-50 elementor-inner-column elementor-element elementor-element-6d598e0\" data-id=\"6d598e0\" data-element_type=\"column\" data-e-type=\"column\">\n\t\t\t<div class=\"elementor-widget-wrap elementor-element-populated\">\n\t\t\t\t\t\t<div class=\"elementor-element elementor-element-39cf693 elementor-widget elementor-widget-text-editor\" data-id=\"39cf693\" data-element_type=\"widget\" data-e-type=\"widget\" data-widget_type=\"text-editor.default\">\n\t\t\t\t<div class=\"elementor-widget-container\">\n\t\t\t\t\t\t\t\t\t<p>An excellent option for those who do not climb, but want to have a first contact with the sport, is to take a Rock Climbing Experience in Rio.<\/p><p>In this class, after a short walk, you arrive at a place suitable for an initiation. There, one of our instructors will explain about the sport, show the equipment and will teach you climbing techniques.<\/p><p>You will be climbing a short section of rock, between 20 and 30 meters, not too difficult, but certainly plenty of emotions. And you don\u2019t go up only once, you can climb at least 3 times!<\/p>\t\t\t\t\t\t\t\t<\/div>\n\t\t\t\t<\/div>\n\t\t\t\t<div class=\"elementor-element elementor-element-3ba6226 elementor-widget elementor-widget-image\" data-id=\"3ba6226\" data-element_type=\"widget\" data-e-type=\"widget\" data-widget_type=\"image.default\">\n\t\t\t\t<div class=\"elementor-widget-container\">\n\t\t\t\t\t\t\t\t\t\t\t\t\t\t\t<img fetchpriority=\"high\" decoding=\"async\" width=\"527\" height=\"351\" src=\"https:\/\/companhiadaescalada.com.br\/ingles\/wp-content\/uploads\/2021\/03\/rock-climbing-rio.jpg\" class=\"attachment-large size-large wp-image-35976\" alt=\"Rock Climbing in Rio\" srcset=\"https:\/\/companhiadaescalada.com.br\/ingles\/wp-content\/uploads\/2021\/03\/rock-climbing-rio.jpg 527w, https:\/\/companhiadaescalada.com.br\/ingles\/wp-content\/uploads\/2021\/03\/rock-climbing-rio-300x200.jpg 300w\" sizes=\"(max-width: 527px) 100vw, 527px\" \/>\t\t\t\t\t\t\t\t\t\t\t\t\t\t\t<\/div>\n\t\t\t\t<\/div>\n\t\t\t\t\t<\/div>\n\t\t<\/div>\n\t\t\t\t<div class=\"elementor-column elementor-col-50 elementor-inner-column elementor-element elementor-element-cafdb72\" data-id=\"cafdb72\" data-element_type=\"column\" data-e-type=\"column\">\n\t\t\t<div class=\"elementor-widget-wrap elementor-element-populated\">\n\t\t\t\t\t\t<div class=\"elementor-element elementor-element-cd7a907 elementor-widget elementor-widget-text-editor\" data-id=\"cd7a907\" data-element_type=\"widget\" data-e-type=\"widget\" data-widget_type=\"text-editor.default\">\n\t\t\t\t<div class=\"elementor-widget-container\">\n\t\t\t\t\t\t\t\t\t<p>You will demystify the idea that climbing is dangerous and requires a lot of strength in your arms. You will understand that the rope provides security and that most of the force is given by the legs. If you like it, you can continue on our <a href=\"https:\/\/companhiadaescalada.com.br\/ingles\/climbing-courses-in-rio\/\">Basic Climbing Course<\/a>, and even discount the amount paid in this Rock Climbing Experience.<\/p><p>It lasts between two and three hours and you can do it alone or with a group of friends. Don\u2019t worry about equipment, we provide all the gear and also insurance for our customers. <a href=\"https:\/\/companhiadaescalada.com.br\/ingles\/history\/\">Our instructors<\/a> will have all the patience and attention to make this an unforgettable activity in Rio! The date is your choice, just\u00a0<a href=\"http:\/\/bit.ly\/companhiadaescalada\" target=\"_blank\" rel=\"noopener\">make a reservation<\/a>\u00a0via WhatsApp. Companhia da Escalada \u2013 mountain climbing school and guide service in Rio since 1995!<\/p>\t\t\t\t\t\t\t\t<\/div>\n\t\t\t\t<\/div>\n\t\t\t\t<div class=\"elementor-element elementor-element-b77d985 elementor-widget elementor-widget-image\" data-id=\"b77d985\" data-element_type=\"widget\" data-e-type=\"widget\" data-widget_type=\"image.default\">\n\t\t\t\t<div class=\"elementor-widget-container\">\n\t\t\t\t\t\t\t\t\t\t\t\t\t\t\t<img decoding=\"async\" width=\"510\" height=\"351\" src=\"https:\/\/companhiadaescalada.com.br\/ingles\/wp-content\/uploads\/2021\/03\/curso_basico_escalada_no_rio.jpg\" class=\"attachment-large size-large wp-image-35977\" alt=\"Rock Climbing in Rio\" srcset=\"https:\/\/companhiadaescalada.com.br\/ingles\/wp-content\/uploads\/2021\/03\/curso_basico_escalada_no_rio.jpg 510w, https:\/\/companhiadaescalada.com.br\/ingles\/wp-content\/uploads\/2021\/03\/curso_basico_escalada_no_rio-300x206.jpg 300w\" sizes=\"(max-width: 510px) 100vw, 510px\" \/>\t\t\t\t\t\t\t\t\t\t\t\t\t\t\t<\/div>\n\t\t\t\t<\/div>\n\t\t\t\t\t<\/div>\n\t\t<\/div>\n\t\t\t\t\t<\/div>\n\t\t<\/section>\n\t\t\t\t\t<\/div>\n\t\t<\/div>\n\t\t\t\t\t<\/div>\n\t\t<\/section>\n\t\t\t\t<\/div>\n\t\t","protected":false},"excerpt":{"rendered":"<p>Uma excelente op\u00e7\u00e3o para quem n\u00e3o escala, mas quer ter um primeiro contato com o esporte, \u00e9 fazer uma aula experimental de escalada. Assim, voc\u00ea paga apenas uma aula e depois decide se quer fazer o curso ou n\u00e3o.<\/p>\n","protected":false},"author":1,"featured_media":0,"parent":0,"menu_order":0,"comment_status":"closed","ping_status":"closed","template":"","meta":{"footnotes":""},"class_list":["post-401","page","type-page","status-publish","hentry"],"blocksy_meta":{"styles_descriptor":{"styles":{"desktop":"","tablet":"","mobile":""},"google_fonts":[],"version":6}},"yoast_head":"<!-- This site is optimized with the Yoast SEO plugin v27.3 - https:\/\/yoast.com\/product\/yoast-seo-wordpress\/ -->\n<title>Rock Climbing Experience in Rio - Companhia da Escalada - Mountain Climbing School<\/title>\n<meta name=\"description\" content=\"An excellent option for those who do not climb, but want to have a first contact with the sport, is to take a Rock Climbing Experience in Rio\" \/>\n<meta name=\"robots\" content=\"index, follow, max-snippet:-1, max-image-preview:large, max-video-preview:-1\" \/>\n<link rel=\"canonical\" href=\"https:\/\/companhiadaescalada.com.br\/ingles\/rock-climbing-experience-in-rio\/\" \/>\n<meta property=\"og:locale\" content=\"pt_BR\" \/>\n<meta property=\"og:type\" content=\"article\" \/>\n<meta property=\"og:title\" content=\"Rock Climbing Experience in Rio - Companhia da Escalada - Mountain Climbing School\" \/>\n<meta property=\"og:description\" content=\"An excellent option for those who do not climb, but want to have a first contact with the sport, is to take a Rock Climbing Experience in Rio\" \/>\n<meta property=\"og:url\" content=\"https:\/\/companhiadaescalada.com.br\/ingles\/rock-climbing-experience-in-rio\/\" \/>\n<meta property=\"og:site_name\" content=\"Companhia da Escalada - Mountain Climbing School\" \/>\n<meta property=\"article:modified_time\" content=\"2024-05-11T16:24:44+00:00\" \/>\n<meta property=\"og:image\" content=\"https:\/\/companhiadaescalada.com.br\/ingles\/wp-content\/uploads\/2021\/03\/rock-climbing-rio.jpg\" \/>\n<meta name=\"twitter:card\" content=\"summary_large_image\" \/>\n<meta name=\"twitter:label1\" content=\"Est. tempo de leitura\" \/>\n\t<meta name=\"twitter:data1\" content=\"2 minutos\" \/>\n<script type=\"application\/ld+json\" class=\"yoast-schema-graph\">{\"@context\":\"https:\\\/\\\/schema.org\",\"@graph\":[{\"@type\":\"WebPage\",\"@id\":\"https:\\\/\\\/companhiadaescalada.com.br\\\/ingles\\\/rock-climbing-experience-in-rio\\\/\",\"url\":\"https:\\\/\\\/companhiadaescalada.com.br\\\/ingles\\\/rock-climbing-experience-in-rio\\\/\",\"name\":\"Rock Climbing Experience in Rio - Companhia da Escalada - Mountain Climbing School\",\"isPartOf\":{\"@id\":\"https:\\\/\\\/companhiadaescalada.com.br\\\/ingles\\\/#website\"},\"primaryImageOfPage\":{\"@id\":\"https:\\\/\\\/companhiadaescalada.com.br\\\/ingles\\\/rock-climbing-experience-in-rio\\\/#primaryimage\"},\"image\":{\"@id\":\"https:\\\/\\\/companhiadaescalada.com.br\\\/ingles\\\/rock-climbing-experience-in-rio\\\/#primaryimage\"},\"thumbnailUrl\":\"https:\\\/\\\/companhiadaescalada.com.br\\\/ingles\\\/wp-content\\\/uploads\\\/2021\\\/03\\\/rock-climbing-rio.jpg\",\"datePublished\":\"2019-02-12T19:16:24+00:00\",\"dateModified\":\"2024-05-11T16:24:44+00:00\",\"description\":\"An excellent option for those who do not climb, but want to have a first contact with the sport, is to take a Rock Climbing Experience in Rio\",\"breadcrumb\":{\"@id\":\"https:\\\/\\\/companhiadaescalada.com.br\\\/ingles\\\/rock-climbing-experience-in-rio\\\/#breadcrumb\"},\"inLanguage\":\"pt-BR\",\"potentialAction\":[{\"@type\":\"ReadAction\",\"target\":[\"https:\\\/\\\/companhiadaescalada.com.br\\\/ingles\\\/rock-climbing-experience-in-rio\\\/\"]}]},{\"@type\":\"ImageObject\",\"inLanguage\":\"pt-BR\",\"@id\":\"https:\\\/\\\/companhiadaescalada.com.br\\\/ingles\\\/rock-climbing-experience-in-rio\\\/#primaryimage\",\"url\":\"https:\\\/\\\/companhiadaescalada.com.br\\\/ingles\\\/wp-content\\\/uploads\\\/2021\\\/03\\\/rock-climbing-rio.jpg\",\"contentUrl\":\"https:\\\/\\\/companhiadaescalada.com.br\\\/ingles\\\/wp-content\\\/uploads\\\/2021\\\/03\\\/rock-climbing-rio.jpg\",\"width\":527,\"height\":351,\"caption\":\"Rock Climbing in Rio\"},{\"@type\":\"BreadcrumbList\",\"@id\":\"https:\\\/\\\/companhiadaescalada.com.br\\\/ingles\\\/rock-climbing-experience-in-rio\\\/#breadcrumb\",\"itemListElement\":[{\"@type\":\"ListItem\",\"position\":1,\"name\":\"In\u00edcio\",\"item\":\"https:\\\/\\\/companhiadaescalada.com.br\\\/ingles\\\/\"},{\"@type\":\"ListItem\",\"position\":2,\"name\":\"Rock Climbing Experience\"}]},{\"@type\":\"WebSite\",\"@id\":\"https:\\\/\\\/companhiadaescalada.com.br\\\/ingles\\\/#website\",\"url\":\"https:\\\/\\\/companhiadaescalada.com.br\\\/ingles\\\/\",\"name\":\"Companhia da Escalada - Mountain Climbing School\",\"description\":\"\",\"publisher\":{\"@id\":\"https:\\\/\\\/companhiadaescalada.com.br\\\/ingles\\\/#organization\"},\"potentialAction\":[{\"@type\":\"SearchAction\",\"target\":{\"@type\":\"EntryPoint\",\"urlTemplate\":\"https:\\\/\\\/companhiadaescalada.com.br\\\/ingles\\\/?s={search_term_string}\"},\"query-input\":{\"@type\":\"PropertyValueSpecification\",\"valueRequired\":true,\"valueName\":\"search_term_string\"}}],\"inLanguage\":\"pt-BR\"},{\"@type\":\"Organization\",\"@id\":\"https:\\\/\\\/companhiadaescalada.com.br\\\/ingles\\\/#organization\",\"name\":\"Companhia da Escalada - Mountain Climbing School\",\"url\":\"https:\\\/\\\/companhiadaescalada.com.br\\\/ingles\\\/\",\"logo\":{\"@type\":\"ImageObject\",\"inLanguage\":\"pt-BR\",\"@id\":\"https:\\\/\\\/companhiadaescalada.com.br\\\/ingles\\\/#\\\/schema\\\/logo\\\/image\\\/\",\"url\":\"https:\\\/\\\/companhiadaescalada.com.br\\\/ingles\\\/wp-content\\\/uploads\\\/2021\\\/03\\\/companhia-escalada-logo-1.png\",\"contentUrl\":\"https:\\\/\\\/companhiadaescalada.com.br\\\/ingles\\\/wp-content\\\/uploads\\\/2021\\\/03\\\/companhia-escalada-logo-1.png\",\"width\":350,\"height\":91,\"caption\":\"Companhia da Escalada - Mountain Climbing School\"},\"image\":{\"@id\":\"https:\\\/\\\/companhiadaescalada.com.br\\\/ingles\\\/#\\\/schema\\\/logo\\\/image\\\/\"}}]}<\/script>\n<!-- \/ Yoast SEO plugin. -->","yoast_head_json":{"title":"Rock Climbing Experience in Rio - Companhia da Escalada - Mountain Climbing School","description":"An excellent option for those who do not climb, but want to have a first contact with the sport, is to take a Rock Climbing Experience in Rio","robots":{"index":"index","follow":"follow","max-snippet":"max-snippet:-1","max-image-preview":"max-image-preview:large","max-video-preview":"max-video-preview:-1"},"canonical":"https:\/\/companhiadaescalada.com.br\/ingles\/rock-climbing-experience-in-rio\/","og_locale":"pt_BR","og_type":"article","og_title":"Rock Climbing Experience in Rio - Companhia da Escalada - Mountain Climbing School","og_description":"An excellent option for those who do not climb, but want to have a first contact with the sport, is to take a Rock Climbing Experience in Rio","og_url":"https:\/\/companhiadaescalada.com.br\/ingles\/rock-climbing-experience-in-rio\/","og_site_name":"Companhia da Escalada - Mountain Climbing School","article_modified_time":"2024-05-11T16:24:44+00:00","og_image":[{"url":"https:\/\/companhiadaescalada.com.br\/ingles\/wp-content\/uploads\/2021\/03\/rock-climbing-rio.jpg","type":"","width":"","height":""}],"twitter_card":"summary_large_image","twitter_misc":{"Est. tempo de leitura":"2 minutos"},"schema":{"@context":"https:\/\/schema.org","@graph":[{"@type":"WebPage","@id":"https:\/\/companhiadaescalada.com.br\/ingles\/rock-climbing-experience-in-rio\/","url":"https:\/\/companhiadaescalada.com.br\/ingles\/rock-climbing-experience-in-rio\/","name":"Rock Climbing Experience in Rio - Companhia da Escalada - Mountain Climbing School","isPartOf":{"@id":"https:\/\/companhiadaescalada.com.br\/ingles\/#website"},"primaryImageOfPage":{"@id":"https:\/\/companhiadaescalada.com.br\/ingles\/rock-climbing-experience-in-rio\/#primaryimage"},"image":{"@id":"https:\/\/companhiadaescalada.com.br\/ingles\/rock-climbing-experience-in-rio\/#primaryimage"},"thumbnailUrl":"https:\/\/companhiadaescalada.com.br\/ingles\/wp-content\/uploads\/2021\/03\/rock-climbing-rio.jpg","datePublished":"2019-02-12T19:16:24+00:00","dateModified":"2024-05-11T16:24:44+00:00","description":"An excellent option for those who do not climb, but want to have a first contact with the sport, is to take a Rock Climbing Experience in Rio","breadcrumb":{"@id":"https:\/\/companhiadaescalada.com.br\/ingles\/rock-climbing-experience-in-rio\/#breadcrumb"},"inLanguage":"pt-BR","potentialAction":[{"@type":"ReadAction","target":["https:\/\/companhiadaescalada.com.br\/ingles\/rock-climbing-experience-in-rio\/"]}]},{"@type":"ImageObject","inLanguage":"pt-BR","@id":"https:\/\/companhiadaescalada.com.br\/ingles\/rock-climbing-experience-in-rio\/#primaryimage","url":"https:\/\/companhiadaescalada.com.br\/ingles\/wp-content\/uploads\/2021\/03\/rock-climbing-rio.jpg","contentUrl":"https:\/\/companhiadaescalada.com.br\/ingles\/wp-content\/uploads\/2021\/03\/rock-climbing-rio.jpg","width":527,"height":351,"caption":"Rock Climbing in Rio"},{"@type":"BreadcrumbList","@id":"https:\/\/companhiadaescalada.com.br\/ingles\/rock-climbing-experience-in-rio\/#breadcrumb","itemListElement":[{"@type":"ListItem","position":1,"name":"In\u00edcio","item":"https:\/\/companhiadaescalada.com.br\/ingles\/"},{"@type":"ListItem","position":2,"name":"Rock Climbing Experience"}]},{"@type":"WebSite","@id":"https:\/\/companhiadaescalada.com.br\/ingles\/#website","url":"https:\/\/companhiadaescalada.com.br\/ingles\/","name":"Companhia da Escalada - Mountain Climbing School","description":"","publisher":{"@id":"https:\/\/companhiadaescalada.com.br\/ingles\/#organization"},"potentialAction":[{"@type":"SearchAction","target":{"@type":"EntryPoint","urlTemplate":"https:\/\/companhiadaescalada.com.br\/ingles\/?s={search_term_string}"},"query-input":{"@type":"PropertyValueSpecification","valueRequired":true,"valueName":"search_term_string"}}],"inLanguage":"pt-BR"},{"@type":"Organization","@id":"https:\/\/companhiadaescalada.com.br\/ingles\/#organization","name":"Companhia da Escalada - Mountain Climbing School","url":"https:\/\/companhiadaescalada.com.br\/ingles\/","logo":{"@type":"ImageObject","inLanguage":"pt-BR","@id":"https:\/\/companhiadaescalada.com.br\/ingles\/#\/schema\/logo\/image\/","url":"https:\/\/companhiadaescalada.com.br\/ingles\/wp-content\/uploads\/2021\/03\/companhia-escalada-logo-1.png","contentUrl":"https:\/\/companhiadaescalada.com.br\/ingles\/wp-content\/uploads\/2021\/03\/companhia-escalada-logo-1.png","width":350,"height":91,"caption":"Companhia da Escalada - Mountain Climbing School"},"image":{"@id":"https:\/\/companhiadaescalada.com.br\/ingles\/#\/schema\/logo\/image\/"}}]}},"_links":{"self":[{"href":"https:\/\/companhiadaescalada.com.br\/ingles\/wp-json\/wp\/v2\/pages\/401","targetHints":{"allow":["GET"]}}],"collection":[{"href":"https:\/\/companhiadaescalada.com.br\/ingles\/wp-json\/wp\/v2\/pages"}],"about":[{"href":"https:\/\/companhiadaescalada.com.br\/ingles\/wp-json\/wp\/v2\/types\/page"}],"author":[{"embeddable":true,"href":"https:\/\/companhiadaescalada.com.br\/ingles\/wp-json\/wp\/v2\/users\/1"}],"replies":[{"embeddable":true,"href":"https:\/\/companhiadaescalada.com.br\/ingles\/wp-json\/wp\/v2\/comments?post=401"}],"version-history":[{"count":7,"href":"https:\/\/companhiadaescalada.com.br\/ingles\/wp-json\/wp\/v2\/pages\/401\/revisions"}],"predecessor-version":[{"id":37225,"href":"https:\/\/companhiadaescalada.com.br\/ingles\/wp-json\/wp\/v2\/pages\/401\/revisions\/37225"}],"wp:attachment":[{"href":"https:\/\/companhiadaescalada.com.br\/ingles\/wp-json\/wp\/v2\/media?parent=401"}],"curies":[{"name":"wp","href":"https:\/\/api.w.org\/{rel}","templated":true}]}}