{"id":36465,"date":"2023-01-10T21:09:05","date_gmt":"2023-01-11T00:09:05","guid":{"rendered":"https:\/\/companhiadaescalada.com.br\/ingles\/?page_id=36465"},"modified":"2024-05-11T13:20:31","modified_gmt":"2024-05-11T16:20:31","slug":"sugarloaf-mountain-hike-rio","status":"publish","type":"page","link":"https:\/\/companhiadaescalada.com.br\/ingles\/climbing-in-rio\/sugarloaf-mountain-hike-rio\/","title":{"rendered":"Sugarloaf mountain hike"},"content":{"rendered":"\t\t<div data-elementor-type=\"wp-page\" data-elementor-id=\"36465\" class=\"elementor elementor-36465\">\n\t\t\t\t\t\t<section class=\"elementor-section elementor-top-section elementor-element elementor-element-5d6c4b35 elementor-section-boxed elementor-section-height-default elementor-section-height-default\" data-id=\"5d6c4b35\" data-element_type=\"section\" data-e-type=\"section\">\n\t\t\t\t\t\t<div class=\"elementor-container elementor-column-gap-default\">\n\t\t\t\t\t<div class=\"elementor-column elementor-col-100 elementor-top-column elementor-element elementor-element-83e3be1\" data-id=\"83e3be1\" data-element_type=\"column\" data-e-type=\"column\">\n\t\t\t<div class=\"elementor-widget-wrap elementor-element-populated\">\n\t\t\t\t\t\t<div class=\"elementor-element elementor-element-3c24a9f2 elementor-widget elementor-widget-heading\" data-id=\"3c24a9f2\" data-element_type=\"widget\" data-e-type=\"widget\" data-widget_type=\"heading.default\">\n\t\t\t\t<div class=\"elementor-widget-container\">\n\t\t\t\t\t<h1 class=\"elementor-heading-title elementor-size-default\">SUGARLOAF MOUNTAIN HIKE IN RIO<\/h1>\t\t\t\t<\/div>\n\t\t\t\t<\/div>\n\t\t\t\t<div class=\"elementor-element elementor-element-6f559dbb elementor-widget-divider--view-line elementor-widget elementor-widget-divider\" data-id=\"6f559dbb\" data-element_type=\"widget\" data-e-type=\"widget\" data-widget_type=\"divider.default\">\n\t\t\t\t<div class=\"elementor-widget-container\">\n\t\t\t\t\t\t\t<div class=\"elementor-divider\">\n\t\t\t<span class=\"elementor-divider-separator\">\n\t\t\t\t\t\t<\/span>\n\t\t<\/div>\n\t\t\t\t\t\t<\/div>\n\t\t\t\t<\/div>\n\t\t\t\t\t<\/div>\n\t\t<\/div>\n\t\t\t\t\t<\/div>\n\t\t<\/section>\n\t\t\t\t<section class=\"elementor-section elementor-top-section elementor-element elementor-element-1bd6a0b2 elementor-section-boxed elementor-section-height-default elementor-section-height-default\" data-id=\"1bd6a0b2\" data-element_type=\"section\" data-e-type=\"section\">\n\t\t\t\t\t\t<div class=\"elementor-container elementor-column-gap-default\">\n\t\t\t\t\t<div class=\"elementor-column elementor-col-100 elementor-top-column elementor-element elementor-element-33ea4b12\" data-id=\"33ea4b12\" data-element_type=\"column\" data-e-type=\"column\">\n\t\t\t<div class=\"elementor-widget-wrap elementor-element-populated\">\n\t\t\t\t\t\t<section class=\"elementor-section elementor-inner-section elementor-element elementor-element-670ac9d0 elementor-section-boxed elementor-section-height-default elementor-section-height-default\" data-id=\"670ac9d0\" data-element_type=\"section\" data-e-type=\"section\">\n\t\t\t\t\t\t<div class=\"elementor-container elementor-column-gap-wider\">\n\t\t\t\t\t<div class=\"elementor-column elementor-col-50 elementor-inner-column elementor-element elementor-element-4c394dc9\" data-id=\"4c394dc9\" data-element_type=\"column\" data-e-type=\"column\">\n\t\t\t<div class=\"elementor-widget-wrap elementor-element-populated\">\n\t\t\t\t\t\t<div class=\"elementor-element elementor-element-af1880e elementor-widget elementor-widget-image\" data-id=\"af1880e\" data-element_type=\"widget\" data-e-type=\"widget\" data-widget_type=\"image.default\">\n\t\t\t\t<div class=\"elementor-widget-container\">\n\t\t\t\t\t\t\t\t\t\t\t\t\t\t\t<img fetchpriority=\"high\" decoding=\"async\" width=\"510\" height=\"354\" src=\"https:\/\/companhiadaescalada.com.br\/ingles\/wp-content\/uploads\/2021\/04\/climbing-pao-de-acucar-1a.jpg\" class=\"attachment-large size-large wp-image-36323\" alt=\"Sugarloaf mountain hike in Rio\" srcset=\"https:\/\/companhiadaescalada.com.br\/ingles\/wp-content\/uploads\/2021\/04\/climbing-pao-de-acucar-1a.jpg 510w, https:\/\/companhiadaescalada.com.br\/ingles\/wp-content\/uploads\/2021\/04\/climbing-pao-de-acucar-1a-300x208.jpg 300w\" sizes=\"(max-width: 510px) 100vw, 510px\" \/>\t\t\t\t\t\t\t\t\t\t\t\t\t\t\t<\/div>\n\t\t\t\t<\/div>\n\t\t\t\t<div class=\"elementor-element elementor-element-262520a4 elementor-widget elementor-widget-text-editor\" data-id=\"262520a4\" data-element_type=\"widget\" data-e-type=\"widget\" data-widget_type=\"text-editor.default\">\n\t\t\t\t<div class=\"elementor-widget-container\">\n\t\t\t\t\t\t\t\t\t<p>If there&#8217;s one thing you must do in Rio, it&#8217;s try the Sugarloaf mountain hike and climb. It is one of the most incredible hikes\/climbs in Rio. We have a team of certified rock climbing guides to help you reach the summit of Sugarloaf mountain (P\u00e3o de A\u00e7\u00facar).<\/p><p>Climbing Sugarloaf mountain does not require previous mountaineering experience, but the long uphill foot ascent and climbing segment does demand a high amount of energy. There are routes for people with no experience in mountains, for beginner climbers and for intermediate climbers.<\/p>\t\t\t\t\t\t\t\t<\/div>\n\t\t\t\t<\/div>\n\t\t\t\t<div class=\"elementor-element elementor-element-0943fd9 elementor-widget elementor-widget-heading\" data-id=\"0943fd9\" data-element_type=\"widget\" data-e-type=\"widget\" data-widget_type=\"heading.default\">\n\t\t\t\t<div class=\"elementor-widget-container\">\n\t\t\t\t\t<h2 class=\"elementor-heading-title elementor-size-default\">Hiking Sugarloaf in Rio<\/h2>\t\t\t\t<\/div>\n\t\t\t\t<\/div>\n\t\t\t\t<div class=\"elementor-element elementor-element-4faa265 elementor-widget elementor-widget-text-editor\" data-id=\"4faa265\" data-element_type=\"widget\" data-e-type=\"widget\" data-widget_type=\"text-editor.default\">\n\t\t\t\t<div class=\"elementor-widget-container\">\n\t\t\t\t\t\t\t\t\t<p>The ascent includes trail hiking and rock climbing (grade 5.7\/4), where the required safety equipment will be used: ropes, harnesses, helmets and carabiners. You start at the sea level and the summit is 400 meters above! Don\u2019t worry, our guides will help you along this adventure!<\/p>\t\t\t\t\t\t\t\t<\/div>\n\t\t\t\t<\/div>\n\t\t\t\t\t<\/div>\n\t\t<\/div>\n\t\t\t\t<div class=\"elementor-column elementor-col-50 elementor-inner-column elementor-element elementor-element-169be079\" data-id=\"169be079\" data-element_type=\"column\" data-e-type=\"column\">\n\t\t\t<div class=\"elementor-widget-wrap elementor-element-populated\">\n\t\t\t\t\t\t<div class=\"elementor-element elementor-element-7f7cfa46 elementor-widget elementor-widget-text-editor\" data-id=\"7f7cfa46\" data-element_type=\"widget\" data-e-type=\"widget\" data-widget_type=\"text-editor.default\">\n\t\t\t\t<div class=\"elementor-widget-container\">\n\t\t\t\t\t\t\t\t\t<p>The entire activity, including ascent and descent, lasts for about three to four hours, depending on the size of the group. There is also no problem with climbing alone as we offer private guiding \u2013 you pick the day and we provide the guide.<\/p><p>Sugarloaf Mountain hike in Rio is possible year-round, but the trail is in the shade only in the afternoon, which is not as hot. The heat can be intense in the morning when this face is exposed to full sun.<\/p><p>After reaching the summit and having a well-deserved rest break, the descent includes a short cable car ride (free) and some hiking. A breath-taking tour, with views that only adventurers of this path will see! See our drone video! This will definitely be an unforgettable adventure and you\u2019ll find out why climbing in Rio is so amazing!<\/p><p>We offer private guiding and groups, as well, all of the climbing equipment and insurance for our customers. The date is your choice, just <a href=\"http:\/\/bit.ly\/companhiadaescalada\" target=\"_blank\" rel=\"noopener\">make a reservation<\/a>\u00a0via WhatsApp.<\/p><p>Companhia da Escalada \u2013 mountain climbing school and guide service in Rio since 1995! Our\u00a0<a href=\"https:\/\/companhiadaescalada.com.br\/ingles\/history\/\">Instructors and Climbing Guides<\/a> are highly experienced professionals, including Flavio Daflon, author of the <a href=\"https:\/\/companhiadaescalada.com.br\/produto\/guia-de-escaladas-da-urca\/\" target=\"_blank\" rel=\"noopener\">Sugarloaf rock climbing guidebook<\/a>.<\/p>\t\t\t\t\t\t\t\t<\/div>\n\t\t\t\t<\/div>\n\t\t\t\t<div class=\"elementor-element elementor-element-023f15c elementor-widget elementor-widget-video\" data-id=\"023f15c\" data-element_type=\"widget\" data-e-type=\"widget\" data-settings=\"{&quot;youtube_url&quot;:&quot;https:\\\/\\\/www.youtube.com\\\/watch?v=SKuTf4Q6140&quot;,&quot;video_type&quot;:&quot;youtube&quot;,&quot;controls&quot;:&quot;yes&quot;}\" data-widget_type=\"video.default\">\n\t\t\t\t<div class=\"elementor-widget-container\">\n\t\t\t\t\t\t\t<div class=\"elementor-wrapper elementor-open-inline\">\n\t\t\t<div class=\"elementor-video\"><\/div>\t\t<\/div>\n\t\t\t\t\t\t<\/div>\n\t\t\t\t<\/div>\n\t\t\t\t\t<\/div>\n\t\t<\/div>\n\t\t\t\t\t<\/div>\n\t\t<\/section>\n\t\t\t\t\t<\/div>\n\t\t<\/div>\n\t\t\t\t\t<\/div>\n\t\t<\/section>\n\t\t\t\t<\/div>\n\t\t","protected":false},"excerpt":{"rendered":"<p>H\u00e1 diversas escaladas no P\u00e3o de A\u00e7\u00facar, de f\u00e1ceis a dif\u00edceis. H\u00e1 caminhos at\u00e9 para quem nunca escalou. Para escaladores a Via dos Italianos \u00e9 uma cl\u00e1ssica.<\/p>\n","protected":false},"author":1,"featured_media":0,"parent":289,"menu_order":0,"comment_status":"closed","ping_status":"closed","template":"","meta":{"footnotes":""},"class_list":["post-36465","page","type-page","status-publish","hentry"],"blocksy_meta":{"styles_descriptor":{"styles":{"desktop":"","tablet":"","mobile":""},"google_fonts":[],"version":6}},"yoast_head":"<!-- This site is optimized with the Yoast SEO plugin v27.3 - https:\/\/yoast.com\/product\/yoast-seo-wordpress\/ -->\n<title>Sugarloaf mountain hike and climbing tours in Rio<\/title>\n<meta name=\"description\" content=\"The hike and climb to Sugarloaf Mountain in Rio is a must-do! We have a team of certified rock climbing guides to help you reach the summit.\" \/>\n<meta name=\"robots\" content=\"index, follow, max-snippet:-1, max-image-preview:large, max-video-preview:-1\" \/>\n<link rel=\"canonical\" href=\"https:\/\/companhiadaescalada.com.br\/ingles\/climbing-in-rio\/sugarloaf-mountain-hike-rio\/\" \/>\n<meta property=\"og:locale\" content=\"pt_BR\" \/>\n<meta property=\"og:type\" content=\"article\" \/>\n<meta property=\"og:title\" content=\"Sugarloaf mountain hike and climbing tours in Rio\" \/>\n<meta property=\"og:description\" content=\"The hike and climb to Sugarloaf Mountain in Rio is a must-do! We have a team of certified rock climbing guides to help you reach the summit.\" \/>\n<meta property=\"og:url\" content=\"https:\/\/companhiadaescalada.com.br\/ingles\/climbing-in-rio\/sugarloaf-mountain-hike-rio\/\" \/>\n<meta property=\"og:site_name\" content=\"Companhia da Escalada - Mountain Climbing School\" \/>\n<meta property=\"article:modified_time\" content=\"2024-05-11T16:20:31+00:00\" \/>\n<meta property=\"og:image\" content=\"https:\/\/companhiadaescalada.com.br\/ingles\/wp-content\/uploads\/2021\/04\/climbing-pao-de-acucar-1a.jpg\" \/>\n<meta name=\"twitter:card\" content=\"summary_large_image\" \/>\n<meta name=\"twitter:label1\" content=\"Est. tempo de leitura\" \/>\n\t<meta name=\"twitter:data1\" content=\"3 minutos\" \/>\n<script type=\"application\/ld+json\" class=\"yoast-schema-graph\">{\"@context\":\"https:\\\/\\\/schema.org\",\"@graph\":[{\"@type\":\"WebPage\",\"@id\":\"https:\\\/\\\/companhiadaescalada.com.br\\\/ingles\\\/climbing-in-rio\\\/sugarloaf-mountain-hike-rio\\\/\",\"url\":\"https:\\\/\\\/companhiadaescalada.com.br\\\/ingles\\\/climbing-in-rio\\\/sugarloaf-mountain-hike-rio\\\/\",\"name\":\"Sugarloaf mountain hike and climbing tours in Rio\",\"isPartOf\":{\"@id\":\"https:\\\/\\\/companhiadaescalada.com.br\\\/ingles\\\/#website\"},\"primaryImageOfPage\":{\"@id\":\"https:\\\/\\\/companhiadaescalada.com.br\\\/ingles\\\/climbing-in-rio\\\/sugarloaf-mountain-hike-rio\\\/#primaryimage\"},\"image\":{\"@id\":\"https:\\\/\\\/companhiadaescalada.com.br\\\/ingles\\\/climbing-in-rio\\\/sugarloaf-mountain-hike-rio\\\/#primaryimage\"},\"thumbnailUrl\":\"https:\\\/\\\/companhiadaescalada.com.br\\\/ingles\\\/wp-content\\\/uploads\\\/2021\\\/04\\\/climbing-pao-de-acucar-1a.jpg\",\"datePublished\":\"2023-01-11T00:09:05+00:00\",\"dateModified\":\"2024-05-11T16:20:31+00:00\",\"description\":\"The hike and climb to Sugarloaf Mountain in Rio is a must-do! We have a team of certified rock climbing guides to help you reach the summit.\",\"breadcrumb\":{\"@id\":\"https:\\\/\\\/companhiadaescalada.com.br\\\/ingles\\\/climbing-in-rio\\\/sugarloaf-mountain-hike-rio\\\/#breadcrumb\"},\"inLanguage\":\"pt-BR\",\"potentialAction\":[{\"@type\":\"ReadAction\",\"target\":[\"https:\\\/\\\/companhiadaescalada.com.br\\\/ingles\\\/climbing-in-rio\\\/sugarloaf-mountain-hike-rio\\\/\"]}]},{\"@type\":\"ImageObject\",\"inLanguage\":\"pt-BR\",\"@id\":\"https:\\\/\\\/companhiadaescalada.com.br\\\/ingles\\\/climbing-in-rio\\\/sugarloaf-mountain-hike-rio\\\/#primaryimage\",\"url\":\"https:\\\/\\\/companhiadaescalada.com.br\\\/ingles\\\/wp-content\\\/uploads\\\/2021\\\/04\\\/climbing-pao-de-acucar-1a.jpg\",\"contentUrl\":\"https:\\\/\\\/companhiadaescalada.com.br\\\/ingles\\\/wp-content\\\/uploads\\\/2021\\\/04\\\/climbing-pao-de-acucar-1a.jpg\",\"width\":510,\"height\":354,\"caption\":\"Sugarloaf mountain hike in Rio\"},{\"@type\":\"BreadcrumbList\",\"@id\":\"https:\\\/\\\/companhiadaescalada.com.br\\\/ingles\\\/climbing-in-rio\\\/sugarloaf-mountain-hike-rio\\\/#breadcrumb\",\"itemListElement\":[{\"@type\":\"ListItem\",\"position\":1,\"name\":\"In\u00edcio\",\"item\":\"https:\\\/\\\/companhiadaescalada.com.br\\\/ingles\\\/\"},{\"@type\":\"ListItem\",\"position\":2,\"name\":\"Rock climbing in Rio de Janeiro\",\"item\":\"https:\\\/\\\/companhiadaescalada.com.br\\\/ingles\\\/climbing-in-rio\\\/\"},{\"@type\":\"ListItem\",\"position\":3,\"name\":\"Sugarloaf mountain hike\"}]},{\"@type\":\"WebSite\",\"@id\":\"https:\\\/\\\/companhiadaescalada.com.br\\\/ingles\\\/#website\",\"url\":\"https:\\\/\\\/companhiadaescalada.com.br\\\/ingles\\\/\",\"name\":\"Companhia da Escalada - Mountain Climbing School\",\"description\":\"\",\"publisher\":{\"@id\":\"https:\\\/\\\/companhiadaescalada.com.br\\\/ingles\\\/#organization\"},\"potentialAction\":[{\"@type\":\"SearchAction\",\"target\":{\"@type\":\"EntryPoint\",\"urlTemplate\":\"https:\\\/\\\/companhiadaescalada.com.br\\\/ingles\\\/?s={search_term_string}\"},\"query-input\":{\"@type\":\"PropertyValueSpecification\",\"valueRequired\":true,\"valueName\":\"search_term_string\"}}],\"inLanguage\":\"pt-BR\"},{\"@type\":\"Organization\",\"@id\":\"https:\\\/\\\/companhiadaescalada.com.br\\\/ingles\\\/#organization\",\"name\":\"Companhia da Escalada - Mountain Climbing School\",\"url\":\"https:\\\/\\\/companhiadaescalada.com.br\\\/ingles\\\/\",\"logo\":{\"@type\":\"ImageObject\",\"inLanguage\":\"pt-BR\",\"@id\":\"https:\\\/\\\/companhiadaescalada.com.br\\\/ingles\\\/#\\\/schema\\\/logo\\\/image\\\/\",\"url\":\"https:\\\/\\\/companhiadaescalada.com.br\\\/ingles\\\/wp-content\\\/uploads\\\/2021\\\/03\\\/companhia-escalada-logo-1.png\",\"contentUrl\":\"https:\\\/\\\/companhiadaescalada.com.br\\\/ingles\\\/wp-content\\\/uploads\\\/2021\\\/03\\\/companhia-escalada-logo-1.png\",\"width\":350,\"height\":91,\"caption\":\"Companhia da Escalada - Mountain Climbing School\"},\"image\":{\"@id\":\"https:\\\/\\\/companhiadaescalada.com.br\\\/ingles\\\/#\\\/schema\\\/logo\\\/image\\\/\"}}]}<\/script>\n<!-- \/ Yoast SEO plugin. -->","yoast_head_json":{"title":"Sugarloaf mountain hike and climbing tours in Rio","description":"The hike and climb to Sugarloaf Mountain in Rio is a must-do! We have a team of certified rock climbing guides to help you reach the summit.","robots":{"index":"index","follow":"follow","max-snippet":"max-snippet:-1","max-image-preview":"max-image-preview:large","max-video-preview":"max-video-preview:-1"},"canonical":"https:\/\/companhiadaescalada.com.br\/ingles\/climbing-in-rio\/sugarloaf-mountain-hike-rio\/","og_locale":"pt_BR","og_type":"article","og_title":"Sugarloaf mountain hike and climbing tours in Rio","og_description":"The hike and climb to Sugarloaf Mountain in Rio is a must-do! We have a team of certified rock climbing guides to help you reach the summit.","og_url":"https:\/\/companhiadaescalada.com.br\/ingles\/climbing-in-rio\/sugarloaf-mountain-hike-rio\/","og_site_name":"Companhia da Escalada - Mountain Climbing School","article_modified_time":"2024-05-11T16:20:31+00:00","og_image":[{"url":"https:\/\/companhiadaescalada.com.br\/ingles\/wp-content\/uploads\/2021\/04\/climbing-pao-de-acucar-1a.jpg","type":"","width":"","height":""}],"twitter_card":"summary_large_image","twitter_misc":{"Est. tempo de leitura":"3 minutos"},"schema":{"@context":"https:\/\/schema.org","@graph":[{"@type":"WebPage","@id":"https:\/\/companhiadaescalada.com.br\/ingles\/climbing-in-rio\/sugarloaf-mountain-hike-rio\/","url":"https:\/\/companhiadaescalada.com.br\/ingles\/climbing-in-rio\/sugarloaf-mountain-hike-rio\/","name":"Sugarloaf mountain hike and climbing tours in Rio","isPartOf":{"@id":"https:\/\/companhiadaescalada.com.br\/ingles\/#website"},"primaryImageOfPage":{"@id":"https:\/\/companhiadaescalada.com.br\/ingles\/climbing-in-rio\/sugarloaf-mountain-hike-rio\/#primaryimage"},"image":{"@id":"https:\/\/companhiadaescalada.com.br\/ingles\/climbing-in-rio\/sugarloaf-mountain-hike-rio\/#primaryimage"},"thumbnailUrl":"https:\/\/companhiadaescalada.com.br\/ingles\/wp-content\/uploads\/2021\/04\/climbing-pao-de-acucar-1a.jpg","datePublished":"2023-01-11T00:09:05+00:00","dateModified":"2024-05-11T16:20:31+00:00","description":"The hike and climb to Sugarloaf Mountain in Rio is a must-do! We have a team of certified rock climbing guides to help you reach the summit.","breadcrumb":{"@id":"https:\/\/companhiadaescalada.com.br\/ingles\/climbing-in-rio\/sugarloaf-mountain-hike-rio\/#breadcrumb"},"inLanguage":"pt-BR","potentialAction":[{"@type":"ReadAction","target":["https:\/\/companhiadaescalada.com.br\/ingles\/climbing-in-rio\/sugarloaf-mountain-hike-rio\/"]}]},{"@type":"ImageObject","inLanguage":"pt-BR","@id":"https:\/\/companhiadaescalada.com.br\/ingles\/climbing-in-rio\/sugarloaf-mountain-hike-rio\/#primaryimage","url":"https:\/\/companhiadaescalada.com.br\/ingles\/wp-content\/uploads\/2021\/04\/climbing-pao-de-acucar-1a.jpg","contentUrl":"https:\/\/companhiadaescalada.com.br\/ingles\/wp-content\/uploads\/2021\/04\/climbing-pao-de-acucar-1a.jpg","width":510,"height":354,"caption":"Sugarloaf mountain hike in Rio"},{"@type":"BreadcrumbList","@id":"https:\/\/companhiadaescalada.com.br\/ingles\/climbing-in-rio\/sugarloaf-mountain-hike-rio\/#breadcrumb","itemListElement":[{"@type":"ListItem","position":1,"name":"In\u00edcio","item":"https:\/\/companhiadaescalada.com.br\/ingles\/"},{"@type":"ListItem","position":2,"name":"Rock climbing in Rio de Janeiro","item":"https:\/\/companhiadaescalada.com.br\/ingles\/climbing-in-rio\/"},{"@type":"ListItem","position":3,"name":"Sugarloaf mountain hike"}]},{"@type":"WebSite","@id":"https:\/\/companhiadaescalada.com.br\/ingles\/#website","url":"https:\/\/companhiadaescalada.com.br\/ingles\/","name":"Companhia da Escalada - Mountain Climbing School","description":"","publisher":{"@id":"https:\/\/companhiadaescalada.com.br\/ingles\/#organization"},"potentialAction":[{"@type":"SearchAction","target":{"@type":"EntryPoint","urlTemplate":"https:\/\/companhiadaescalada.com.br\/ingles\/?s={search_term_string}"},"query-input":{"@type":"PropertyValueSpecification","valueRequired":true,"valueName":"search_term_string"}}],"inLanguage":"pt-BR"},{"@type":"Organization","@id":"https:\/\/companhiadaescalada.com.br\/ingles\/#organization","name":"Companhia da Escalada - Mountain Climbing School","url":"https:\/\/companhiadaescalada.com.br\/ingles\/","logo":{"@type":"ImageObject","inLanguage":"pt-BR","@id":"https:\/\/companhiadaescalada.com.br\/ingles\/#\/schema\/logo\/image\/","url":"https:\/\/companhiadaescalada.com.br\/ingles\/wp-content\/uploads\/2021\/03\/companhia-escalada-logo-1.png","contentUrl":"https:\/\/companhiadaescalada.com.br\/ingles\/wp-content\/uploads\/2021\/03\/companhia-escalada-logo-1.png","width":350,"height":91,"caption":"Companhia da Escalada - Mountain Climbing School"},"image":{"@id":"https:\/\/companhiadaescalada.com.br\/ingles\/#\/schema\/logo\/image\/"}}]}},"_links":{"self":[{"href":"https:\/\/companhiadaescalada.com.br\/ingles\/wp-json\/wp\/v2\/pages\/36465","targetHints":{"allow":["GET"]}}],"collection":[{"href":"https:\/\/companhiadaescalada.com.br\/ingles\/wp-json\/wp\/v2\/pages"}],"about":[{"href":"https:\/\/companhiadaescalada.com.br\/ingles\/wp-json\/wp\/v2\/types\/page"}],"author":[{"embeddable":true,"href":"https:\/\/companhiadaescalada.com.br\/ingles\/wp-json\/wp\/v2\/users\/1"}],"replies":[{"embeddable":true,"href":"https:\/\/companhiadaescalada.com.br\/ingles\/wp-json\/wp\/v2\/comments?post=36465"}],"version-history":[{"count":45,"href":"https:\/\/companhiadaescalada.com.br\/ingles\/wp-json\/wp\/v2\/pages\/36465\/revisions"}],"predecessor-version":[{"id":37218,"href":"https:\/\/companhiadaescalada.com.br\/ingles\/wp-json\/wp\/v2\/pages\/36465\/revisions\/37218"}],"up":[{"embeddable":true,"href":"https:\/\/companhiadaescalada.com.br\/ingles\/wp-json\/wp\/v2\/pages\/289"}],"wp:attachment":[{"href":"https:\/\/companhiadaescalada.com.br\/ingles\/wp-json\/wp\/v2\/media?parent=36465"}],"curies":[{"name":"wp","href":"https:\/\/api.w.org\/{rel}","templated":true}]}}