{"id":292,"date":"2013-04-22T20:05:42","date_gmt":"2013-04-22T23:05:42","guid":{"rendered":"http:\/\/companhiadaescalada.com.br\/site\/?page_id=231"},"modified":"2024-03-27T06:56:47","modified_gmt":"2024-03-27T09:56:47","slug":"climbing-christ-the-redeemer-in-rio","status":"publish","type":"page","link":"https:\/\/companhiadaescalada.com.br\/ingles\/climbing-in-rio\/climbing-christ-the-redeemer-in-rio\/","title":{"rendered":"Climbing in Rio to Christ The Redeemer"},"content":{"rendered":"\t\t<div data-elementor-type=\"wp-page\" data-elementor-id=\"292\" class=\"elementor elementor-292\">\n\t\t\t\t\t\t<section class=\"elementor-section elementor-top-section elementor-element elementor-element-2378362b elementor-section-boxed elementor-section-height-default elementor-section-height-default\" data-id=\"2378362b\" data-element_type=\"section\" data-e-type=\"section\">\n\t\t\t\t\t\t<div class=\"elementor-container elementor-column-gap-default\">\n\t\t\t\t\t<div class=\"elementor-column elementor-col-100 elementor-top-column elementor-element elementor-element-3c2029ae\" data-id=\"3c2029ae\" data-element_type=\"column\" data-e-type=\"column\">\n\t\t\t<div class=\"elementor-widget-wrap elementor-element-populated\">\n\t\t\t\t\t\t<div class=\"elementor-element elementor-element-59ddfdf8 elementor-widget elementor-widget-heading\" data-id=\"59ddfdf8\" data-element_type=\"widget\" data-e-type=\"widget\" data-widget_type=\"heading.default\">\n\t\t\t\t<div class=\"elementor-widget-container\">\n\t\t\t\t\t<h1 class=\"elementor-heading-title elementor-size-default\">Climbing to Christ the Redeemer<\/h1>\t\t\t\t<\/div>\n\t\t\t\t<\/div>\n\t\t\t\t<div class=\"elementor-element elementor-element-2308227a elementor-widget-divider--view-line elementor-widget elementor-widget-divider\" data-id=\"2308227a\" data-element_type=\"widget\" data-e-type=\"widget\" data-widget_type=\"divider.default\">\n\t\t\t\t<div class=\"elementor-widget-container\">\n\t\t\t\t\t\t\t<div class=\"elementor-divider\">\n\t\t\t<span class=\"elementor-divider-separator\">\n\t\t\t\t\t\t<\/span>\n\t\t<\/div>\n\t\t\t\t\t\t<\/div>\n\t\t\t\t<\/div>\n\t\t\t\t\t<\/div>\n\t\t<\/div>\n\t\t\t\t\t<\/div>\n\t\t<\/section>\n\t\t\t\t<section class=\"elementor-section elementor-top-section elementor-element elementor-element-525c0995 elementor-section-boxed elementor-section-height-default elementor-section-height-default\" data-id=\"525c0995\" data-element_type=\"section\" data-e-type=\"section\">\n\t\t\t\t\t\t<div class=\"elementor-container elementor-column-gap-default\">\n\t\t\t\t\t<div class=\"elementor-column elementor-col-100 elementor-top-column elementor-element elementor-element-4a21c0b5\" data-id=\"4a21c0b5\" data-element_type=\"column\" data-e-type=\"column\">\n\t\t\t<div class=\"elementor-widget-wrap elementor-element-populated\">\n\t\t\t\t\t\t<section class=\"elementor-section elementor-inner-section elementor-element elementor-element-6f98f39a elementor-section-boxed elementor-section-height-default elementor-section-height-default\" data-id=\"6f98f39a\" data-element_type=\"section\" data-e-type=\"section\">\n\t\t\t\t\t\t<div class=\"elementor-container elementor-column-gap-wider\">\n\t\t\t\t\t<div class=\"elementor-column elementor-col-50 elementor-inner-column elementor-element elementor-element-77d5eb1a\" data-id=\"77d5eb1a\" data-element_type=\"column\" data-e-type=\"column\">\n\t\t\t<div class=\"elementor-widget-wrap elementor-element-populated\">\n\t\t\t\t\t\t<div class=\"elementor-element elementor-element-64a5cc46 elementor-widget elementor-widget-text-editor\" data-id=\"64a5cc46\" data-element_type=\"widget\" data-e-type=\"widget\" data-widget_type=\"text-editor.default\">\n\t\t\t\t<div class=\"elementor-widget-container\">\n\t\t\t\t\t\t\t\t\t<p>One of the most famous and beautiful climbing routes of Rio de Janeiro is on Corcovado mountain: the K2 route, listed as one of the\u00a0<a href=\"https:\/\/companhiadaescalada.com.br\/produto\/50-vias-classicas-no-brasil\/\" target=\"_blank\" rel=\"noopener\">50 classic routes in Brazil<\/a>. <span style=\"font-weight: 400;\">Climbing in Rio is amazing and if you have the necessary experience, climbing to the feet of Christ the Redeemer on Corcovado is a great experience.<\/span><\/p><p>K2 route is 150 meters long, and every pitch offers interesting and varied climbing from friction to knob face to laybacking, all with a breathtaking view since the base of the route is 500 meters above the city. And it ends at the feet of the Christ the Redeemer statue, summit of Corcovado Mountain. You\u2019ll find out why climbing in Rio is so amazing!<\/p><p>Our drone video will show you that this route is a must. Furthermore, Corcovado lies within the beautiful Tijuca National Park, one of the largest urban parks in the world and one of the remaining patches of Atlantic Forest in Rio de Janeiro.<\/p><p>The most difficult pitches are rated 5.9 (5\/5+) with few 5.10 (6a) moves. Therefore, it is important that you are able to comfortably climb 5.9\/5.10 (5\/6a) on rock.<\/p><p>You will need about four to five hours to hike, enjoy the climbing, the view of Rio, Christ the Redeemer statue and walk down to the parking lot.<\/p>\t\t\t\t\t\t\t\t<\/div>\n\t\t\t\t<\/div>\n\t\t\t\t<div class=\"elementor-element elementor-element-381d105e elementor-widget elementor-widget-video\" data-id=\"381d105e\" data-element_type=\"widget\" data-e-type=\"widget\" data-settings=\"{&quot;youtube_url&quot;:&quot;https:\\\/\\\/www.youtube.com\\\/watch?v=QlsGEyZIB9U&quot;,&quot;video_type&quot;:&quot;youtube&quot;,&quot;controls&quot;:&quot;yes&quot;}\" data-widget_type=\"video.default\">\n\t\t\t\t<div class=\"elementor-widget-container\">\n\t\t\t\t\t\t\t<div class=\"elementor-wrapper elementor-open-inline\">\n\t\t\t<div class=\"elementor-video\"><\/div>\t\t<\/div>\n\t\t\t\t\t\t<\/div>\n\t\t\t\t<\/div>\n\t\t\t\t\t<\/div>\n\t\t<\/div>\n\t\t\t\t<div class=\"elementor-column elementor-col-50 elementor-inner-column elementor-element elementor-element-729f7fc0\" data-id=\"729f7fc0\" data-element_type=\"column\" data-e-type=\"column\">\n\t\t\t<div class=\"elementor-widget-wrap elementor-element-populated\">\n\t\t\t\t\t\t<div class=\"elementor-element elementor-element-1bbc37c4 elementor-widget elementor-widget-text-editor\" data-id=\"1bbc37c4\" data-element_type=\"widget\" data-e-type=\"widget\" data-widget_type=\"text-editor.default\">\n\t\t\t\t<div class=\"elementor-widget-container\">\n\t\t\t\t\t\t\t\t\t<p>The K2 Route is a route for experienced rock climbers due to difficulty, length and exposure. One should not underestimate the grading or the length of the K2 Route, as Rio de Janeiro has a strong grading. Those who are not used to smearing on granite and multi-pitch could have difficulties, and it is better to be prepared to climb 5.10\/6a. If in doubt, you can choose an easier route on <a href=\"https:\/\/companhiadaescalada.com.br\/ingles\/climbing-in-rio\/climbing-in-rio-sugarloaf\/\">Sugarloaf<\/a>.<\/p>\t\t\t\t\t\t\t\t<\/div>\n\t\t\t\t<\/div>\n\t\t\t\t<div class=\"elementor-element elementor-element-757b338b elementor-widget elementor-widget-image\" data-id=\"757b338b\" data-element_type=\"widget\" data-e-type=\"widget\" data-widget_type=\"image.default\">\n\t\t\t\t<div class=\"elementor-widget-container\">\n\t\t\t\t\t\t\t\t\t\t\t\t\t\t\t<img fetchpriority=\"high\" decoding=\"async\" width=\"600\" height=\"917\" src=\"https:\/\/companhiadaescalada.com.br\/ingles\/wp-content\/uploads\/2021\/04\/k2-corcovado.jpg\" class=\"attachment-large size-large wp-image-36306\" alt=\"Climbing in Rio to Christ the Redeemer\" srcset=\"https:\/\/companhiadaescalada.com.br\/ingles\/wp-content\/uploads\/2021\/04\/k2-corcovado.jpg 600w, https:\/\/companhiadaescalada.com.br\/ingles\/wp-content\/uploads\/2021\/04\/k2-corcovado-196x300.jpg 196w\" sizes=\"(max-width: 600px) 100vw, 600px\" \/>\t\t\t\t\t\t\t\t\t\t\t\t\t\t\t<\/div>\n\t\t\t\t<\/div>\n\t\t\t\t\t<\/div>\n\t\t<\/div>\n\t\t\t\t\t<\/div>\n\t\t<\/section>\n\t\t\t\t\t<\/div>\n\t\t<\/div>\n\t\t\t\t\t<\/div>\n\t\t<\/section>\n\t\t\t\t<section class=\"elementor-section elementor-top-section elementor-element elementor-element-ae53681 elementor-section-full_width ct-section-stretched elementor-section-height-default elementor-section-height-default\" data-id=\"ae53681\" data-element_type=\"section\" data-e-type=\"section\" data-settings=\"{&quot;background_background&quot;:&quot;classic&quot;}\">\n\t\t\t\t\t\t<div class=\"elementor-container elementor-column-gap-default\">\n\t\t\t\t\t<div class=\"elementor-column elementor-col-100 elementor-top-column elementor-element elementor-element-03b74e0\" data-id=\"03b74e0\" data-element_type=\"column\" data-e-type=\"column\">\n\t\t\t<div class=\"elementor-widget-wrap elementor-element-populated\">\n\t\t\t\t\t\t<section class=\"elementor-section elementor-inner-section elementor-element elementor-element-806a985 elementor-section-boxed elementor-section-height-default elementor-section-height-default\" data-id=\"806a985\" data-element_type=\"section\" data-e-type=\"section\">\n\t\t\t\t\t\t<div class=\"elementor-container elementor-column-gap-default\">\n\t\t\t\t\t<div class=\"elementor-column elementor-col-100 elementor-inner-column elementor-element elementor-element-2da71ef\" data-id=\"2da71ef\" data-element_type=\"column\" data-e-type=\"column\">\n\t\t\t<div class=\"elementor-widget-wrap elementor-element-populated\">\n\t\t\t\t\t\t<div class=\"elementor-element elementor-element-83c09e6 elementor-widget elementor-widget-text-editor\" data-id=\"83c09e6\" data-element_type=\"widget\" data-e-type=\"widget\" data-widget_type=\"text-editor.default\">\n\t\t\t\t<div class=\"elementor-widget-container\">\n\t\t\t\t\t\t\t\t\t<h2>CLIMB WITH US IN RIO!<\/h2><p>Our\u00a0<a href=\"https:\/\/companhiadaescalada.com.br\/ingles\/history\/\">Instructors and Climbing Guides<\/a> are certified rock climbing guides, highly experienced, including Flavio Daflon, author of <a href=\"https:\/\/companhiadaescalada.com.br\/produto\/guia-de-escaladas-da-floresta\/\" target=\"_blank\" rel=\"noopener\">Corcovado rock climbing\u00a0guidebook<\/a>.\u00a0<\/p><p>We offer private guiding and we provide all of the equipment. The date is your choice, just\u00a0<a href=\"http:\/\/bit.ly\/companhiadaescalada\" target=\"_blank\" rel=\"noopener\">make a reservation<\/a>\u00a0via WhatsApp. Companhia da Escalada \u2013 mountain climbing school and guide service in Rio since 1995!<\/p>\t\t\t\t\t\t\t\t<\/div>\n\t\t\t\t<\/div>\n\t\t\t\t\t<\/div>\n\t\t<\/div>\n\t\t\t\t\t<\/div>\n\t\t<\/section>\n\t\t\t\t\t<\/div>\n\t\t<\/div>\n\t\t\t\t\t<\/div>\n\t\t<\/section>\n\t\t\t\t<\/div>\n\t\t","protected":false},"excerpt":{"rendered":"<p>No Corcovado est\u00e1 uma das mais bonitas vias da cidade: a K2. S\u00e3o cerca de 150 metros de escalada bastante variada e com uma vista de tirar o f\u00f4lego. A gradua\u00e7\u00e3o \u00e9 4\u00ba V e a escalada termina aos p\u00e9s do Cristo Redentor. Uma das cl\u00e1ssicas do Rio. Imperd\u00edvel!<\/p>\n","protected":false},"author":1,"featured_media":0,"parent":289,"menu_order":0,"comment_status":"closed","ping_status":"closed","template":"","meta":{"footnotes":""},"class_list":["post-292","page","type-page","status-publish","hentry"],"blocksy_meta":{"styles_descriptor":{"styles":{"desktop":"","tablet":"","mobile":""},"google_fonts":[],"version":6}},"yoast_head":"<!-- This site is optimized with the Yoast SEO plugin v27.3 - https:\/\/yoast.com\/product\/yoast-seo-wordpress\/ -->\n<title>Climbing in Rio to Christ The Redeemer - Via K2 - Corcovado<\/title>\n<meta name=\"description\" content=\"Climbing in Rio is amazing and climbing to the feet of Christ the Redeemer on Corcovado is a great experience.\" \/>\n<meta name=\"robots\" content=\"index, follow, max-snippet:-1, max-image-preview:large, max-video-preview:-1\" \/>\n<link rel=\"canonical\" href=\"https:\/\/companhiadaescalada.com.br\/ingles\/climbing-in-rio\/climbing-christ-the-redeemer-in-rio\/\" \/>\n<meta property=\"og:locale\" content=\"pt_BR\" \/>\n<meta property=\"og:type\" content=\"article\" \/>\n<meta property=\"og:title\" content=\"Climbing in Rio to Christ The Redeemer - Via K2 - Corcovado\" \/>\n<meta property=\"og:description\" content=\"Climbing in Rio is amazing and climbing to the feet of Christ the Redeemer on Corcovado is a great experience.\" \/>\n<meta property=\"og:url\" content=\"https:\/\/companhiadaescalada.com.br\/ingles\/climbing-in-rio\/climbing-christ-the-redeemer-in-rio\/\" \/>\n<meta property=\"og:site_name\" content=\"Companhia da Escalada - Mountain Climbing School\" \/>\n<meta property=\"article:modified_time\" content=\"2024-03-27T09:56:47+00:00\" \/>\n<meta property=\"og:image\" content=\"https:\/\/companhiadaescalada.com.br\/ingles\/wp-content\/uploads\/2021\/04\/k2-corcovado.jpg\" \/>\n<meta name=\"twitter:card\" content=\"summary_large_image\" \/>\n<meta name=\"twitter:label1\" content=\"Est. tempo de leitura\" \/>\n\t<meta name=\"twitter:data1\" content=\"3 minutos\" \/>\n<script type=\"application\/ld+json\" class=\"yoast-schema-graph\">{\"@context\":\"https:\\\/\\\/schema.org\",\"@graph\":[{\"@type\":\"WebPage\",\"@id\":\"https:\\\/\\\/companhiadaescalada.com.br\\\/ingles\\\/climbing-in-rio\\\/climbing-christ-the-redeemer-in-rio\\\/\",\"url\":\"https:\\\/\\\/companhiadaescalada.com.br\\\/ingles\\\/climbing-in-rio\\\/climbing-christ-the-redeemer-in-rio\\\/\",\"name\":\"Climbing in Rio to Christ The Redeemer - Via K2 - Corcovado\",\"isPartOf\":{\"@id\":\"https:\\\/\\\/companhiadaescalada.com.br\\\/ingles\\\/#website\"},\"primaryImageOfPage\":{\"@id\":\"https:\\\/\\\/companhiadaescalada.com.br\\\/ingles\\\/climbing-in-rio\\\/climbing-christ-the-redeemer-in-rio\\\/#primaryimage\"},\"image\":{\"@id\":\"https:\\\/\\\/companhiadaescalada.com.br\\\/ingles\\\/climbing-in-rio\\\/climbing-christ-the-redeemer-in-rio\\\/#primaryimage\"},\"thumbnailUrl\":\"https:\\\/\\\/companhiadaescalada.com.br\\\/ingles\\\/wp-content\\\/uploads\\\/2021\\\/04\\\/k2-corcovado.jpg\",\"datePublished\":\"2013-04-22T23:05:42+00:00\",\"dateModified\":\"2024-03-27T09:56:47+00:00\",\"description\":\"Climbing in Rio is amazing and climbing to the feet of Christ the Redeemer on Corcovado is a great experience.\",\"breadcrumb\":{\"@id\":\"https:\\\/\\\/companhiadaescalada.com.br\\\/ingles\\\/climbing-in-rio\\\/climbing-christ-the-redeemer-in-rio\\\/#breadcrumb\"},\"inLanguage\":\"pt-BR\",\"potentialAction\":[{\"@type\":\"ReadAction\",\"target\":[\"https:\\\/\\\/companhiadaescalada.com.br\\\/ingles\\\/climbing-in-rio\\\/climbing-christ-the-redeemer-in-rio\\\/\"]}]},{\"@type\":\"ImageObject\",\"inLanguage\":\"pt-BR\",\"@id\":\"https:\\\/\\\/companhiadaescalada.com.br\\\/ingles\\\/climbing-in-rio\\\/climbing-christ-the-redeemer-in-rio\\\/#primaryimage\",\"url\":\"https:\\\/\\\/companhiadaescalada.com.br\\\/ingles\\\/wp-content\\\/uploads\\\/2021\\\/04\\\/k2-corcovado.jpg\",\"contentUrl\":\"https:\\\/\\\/companhiadaescalada.com.br\\\/ingles\\\/wp-content\\\/uploads\\\/2021\\\/04\\\/k2-corcovado.jpg\",\"width\":600,\"height\":917,\"caption\":\"Climbing in Rio to Christ the Redeemer\"},{\"@type\":\"BreadcrumbList\",\"@id\":\"https:\\\/\\\/companhiadaescalada.com.br\\\/ingles\\\/climbing-in-rio\\\/climbing-christ-the-redeemer-in-rio\\\/#breadcrumb\",\"itemListElement\":[{\"@type\":\"ListItem\",\"position\":1,\"name\":\"In\u00edcio\",\"item\":\"https:\\\/\\\/companhiadaescalada.com.br\\\/ingles\\\/\"},{\"@type\":\"ListItem\",\"position\":2,\"name\":\"Rock climbing in Rio de Janeiro\",\"item\":\"https:\\\/\\\/companhiadaescalada.com.br\\\/ingles\\\/climbing-in-rio\\\/\"},{\"@type\":\"ListItem\",\"position\":3,\"name\":\"Climbing in Rio to Christ The Redeemer\"}]},{\"@type\":\"WebSite\",\"@id\":\"https:\\\/\\\/companhiadaescalada.com.br\\\/ingles\\\/#website\",\"url\":\"https:\\\/\\\/companhiadaescalada.com.br\\\/ingles\\\/\",\"name\":\"Companhia da Escalada - Mountain Climbing School\",\"description\":\"\",\"publisher\":{\"@id\":\"https:\\\/\\\/companhiadaescalada.com.br\\\/ingles\\\/#organization\"},\"potentialAction\":[{\"@type\":\"SearchAction\",\"target\":{\"@type\":\"EntryPoint\",\"urlTemplate\":\"https:\\\/\\\/companhiadaescalada.com.br\\\/ingles\\\/?s={search_term_string}\"},\"query-input\":{\"@type\":\"PropertyValueSpecification\",\"valueRequired\":true,\"valueName\":\"search_term_string\"}}],\"inLanguage\":\"pt-BR\"},{\"@type\":\"Organization\",\"@id\":\"https:\\\/\\\/companhiadaescalada.com.br\\\/ingles\\\/#organization\",\"name\":\"Companhia da Escalada - Mountain Climbing School\",\"url\":\"https:\\\/\\\/companhiadaescalada.com.br\\\/ingles\\\/\",\"logo\":{\"@type\":\"ImageObject\",\"inLanguage\":\"pt-BR\",\"@id\":\"https:\\\/\\\/companhiadaescalada.com.br\\\/ingles\\\/#\\\/schema\\\/logo\\\/image\\\/\",\"url\":\"https:\\\/\\\/companhiadaescalada.com.br\\\/ingles\\\/wp-content\\\/uploads\\\/2021\\\/03\\\/companhia-escalada-logo-1.png\",\"contentUrl\":\"https:\\\/\\\/companhiadaescalada.com.br\\\/ingles\\\/wp-content\\\/uploads\\\/2021\\\/03\\\/companhia-escalada-logo-1.png\",\"width\":350,\"height\":91,\"caption\":\"Companhia da Escalada - Mountain Climbing School\"},\"image\":{\"@id\":\"https:\\\/\\\/companhiadaescalada.com.br\\\/ingles\\\/#\\\/schema\\\/logo\\\/image\\\/\"}}]}<\/script>\n<!-- \/ Yoast SEO plugin. -->","yoast_head_json":{"title":"Climbing in Rio to Christ The Redeemer - Via K2 - Corcovado","description":"Climbing in Rio is amazing and climbing to the feet of Christ the Redeemer on Corcovado is a great experience.","robots":{"index":"index","follow":"follow","max-snippet":"max-snippet:-1","max-image-preview":"max-image-preview:large","max-video-preview":"max-video-preview:-1"},"canonical":"https:\/\/companhiadaescalada.com.br\/ingles\/climbing-in-rio\/climbing-christ-the-redeemer-in-rio\/","og_locale":"pt_BR","og_type":"article","og_title":"Climbing in Rio to Christ The Redeemer - Via K2 - Corcovado","og_description":"Climbing in Rio is amazing and climbing to the feet of Christ the Redeemer on Corcovado is a great experience.","og_url":"https:\/\/companhiadaescalada.com.br\/ingles\/climbing-in-rio\/climbing-christ-the-redeemer-in-rio\/","og_site_name":"Companhia da Escalada - Mountain Climbing School","article_modified_time":"2024-03-27T09:56:47+00:00","og_image":[{"url":"https:\/\/companhiadaescalada.com.br\/ingles\/wp-content\/uploads\/2021\/04\/k2-corcovado.jpg","type":"","width":"","height":""}],"twitter_card":"summary_large_image","twitter_misc":{"Est. tempo de leitura":"3 minutos"},"schema":{"@context":"https:\/\/schema.org","@graph":[{"@type":"WebPage","@id":"https:\/\/companhiadaescalada.com.br\/ingles\/climbing-in-rio\/climbing-christ-the-redeemer-in-rio\/","url":"https:\/\/companhiadaescalada.com.br\/ingles\/climbing-in-rio\/climbing-christ-the-redeemer-in-rio\/","name":"Climbing in Rio to Christ The Redeemer - Via K2 - Corcovado","isPartOf":{"@id":"https:\/\/companhiadaescalada.com.br\/ingles\/#website"},"primaryImageOfPage":{"@id":"https:\/\/companhiadaescalada.com.br\/ingles\/climbing-in-rio\/climbing-christ-the-redeemer-in-rio\/#primaryimage"},"image":{"@id":"https:\/\/companhiadaescalada.com.br\/ingles\/climbing-in-rio\/climbing-christ-the-redeemer-in-rio\/#primaryimage"},"thumbnailUrl":"https:\/\/companhiadaescalada.com.br\/ingles\/wp-content\/uploads\/2021\/04\/k2-corcovado.jpg","datePublished":"2013-04-22T23:05:42+00:00","dateModified":"2024-03-27T09:56:47+00:00","description":"Climbing in Rio is amazing and climbing to the feet of Christ the Redeemer on Corcovado is a great experience.","breadcrumb":{"@id":"https:\/\/companhiadaescalada.com.br\/ingles\/climbing-in-rio\/climbing-christ-the-redeemer-in-rio\/#breadcrumb"},"inLanguage":"pt-BR","potentialAction":[{"@type":"ReadAction","target":["https:\/\/companhiadaescalada.com.br\/ingles\/climbing-in-rio\/climbing-christ-the-redeemer-in-rio\/"]}]},{"@type":"ImageObject","inLanguage":"pt-BR","@id":"https:\/\/companhiadaescalada.com.br\/ingles\/climbing-in-rio\/climbing-christ-the-redeemer-in-rio\/#primaryimage","url":"https:\/\/companhiadaescalada.com.br\/ingles\/wp-content\/uploads\/2021\/04\/k2-corcovado.jpg","contentUrl":"https:\/\/companhiadaescalada.com.br\/ingles\/wp-content\/uploads\/2021\/04\/k2-corcovado.jpg","width":600,"height":917,"caption":"Climbing in Rio to Christ the Redeemer"},{"@type":"BreadcrumbList","@id":"https:\/\/companhiadaescalada.com.br\/ingles\/climbing-in-rio\/climbing-christ-the-redeemer-in-rio\/#breadcrumb","itemListElement":[{"@type":"ListItem","position":1,"name":"In\u00edcio","item":"https:\/\/companhiadaescalada.com.br\/ingles\/"},{"@type":"ListItem","position":2,"name":"Rock climbing in Rio de Janeiro","item":"https:\/\/companhiadaescalada.com.br\/ingles\/climbing-in-rio\/"},{"@type":"ListItem","position":3,"name":"Climbing in Rio to Christ The Redeemer"}]},{"@type":"WebSite","@id":"https:\/\/companhiadaescalada.com.br\/ingles\/#website","url":"https:\/\/companhiadaescalada.com.br\/ingles\/","name":"Companhia da Escalada - Mountain Climbing School","description":"","publisher":{"@id":"https:\/\/companhiadaescalada.com.br\/ingles\/#organization"},"potentialAction":[{"@type":"SearchAction","target":{"@type":"EntryPoint","urlTemplate":"https:\/\/companhiadaescalada.com.br\/ingles\/?s={search_term_string}"},"query-input":{"@type":"PropertyValueSpecification","valueRequired":true,"valueName":"search_term_string"}}],"inLanguage":"pt-BR"},{"@type":"Organization","@id":"https:\/\/companhiadaescalada.com.br\/ingles\/#organization","name":"Companhia da Escalada - Mountain Climbing School","url":"https:\/\/companhiadaescalada.com.br\/ingles\/","logo":{"@type":"ImageObject","inLanguage":"pt-BR","@id":"https:\/\/companhiadaescalada.com.br\/ingles\/#\/schema\/logo\/image\/","url":"https:\/\/companhiadaescalada.com.br\/ingles\/wp-content\/uploads\/2021\/03\/companhia-escalada-logo-1.png","contentUrl":"https:\/\/companhiadaescalada.com.br\/ingles\/wp-content\/uploads\/2021\/03\/companhia-escalada-logo-1.png","width":350,"height":91,"caption":"Companhia da Escalada - Mountain Climbing School"},"image":{"@id":"https:\/\/companhiadaescalada.com.br\/ingles\/#\/schema\/logo\/image\/"}}]}},"_links":{"self":[{"href":"https:\/\/companhiadaescalada.com.br\/ingles\/wp-json\/wp\/v2\/pages\/292","targetHints":{"allow":["GET"]}}],"collection":[{"href":"https:\/\/companhiadaescalada.com.br\/ingles\/wp-json\/wp\/v2\/pages"}],"about":[{"href":"https:\/\/companhiadaescalada.com.br\/ingles\/wp-json\/wp\/v2\/types\/page"}],"author":[{"embeddable":true,"href":"https:\/\/companhiadaescalada.com.br\/ingles\/wp-json\/wp\/v2\/users\/1"}],"replies":[{"embeddable":true,"href":"https:\/\/companhiadaescalada.com.br\/ingles\/wp-json\/wp\/v2\/comments?post=292"}],"version-history":[{"count":33,"href":"https:\/\/companhiadaescalada.com.br\/ingles\/wp-json\/wp\/v2\/pages\/292\/revisions"}],"predecessor-version":[{"id":37204,"href":"https:\/\/companhiadaescalada.com.br\/ingles\/wp-json\/wp\/v2\/pages\/292\/revisions\/37204"}],"up":[{"embeddable":true,"href":"https:\/\/companhiadaescalada.com.br\/ingles\/wp-json\/wp\/v2\/pages\/289"}],"wp:attachment":[{"href":"https:\/\/companhiadaescalada.com.br\/ingles\/wp-json\/wp\/v2\/media?parent=292"}],"curies":[{"name":"wp","href":"https:\/\/api.w.org\/{rel}","templated":true}]}}