{"id":291,"date":"2013-04-22T20:01:50","date_gmt":"2013-04-22T23:01:50","guid":{"rendered":"http:\/\/companhiadaescalada.com.br\/site\/?page_id=228"},"modified":"2024-10-02T12:47:04","modified_gmt":"2024-10-02T15:47:04","slug":"climbing-in-rio-sugarloaf","status":"publish","type":"page","link":"https:\/\/companhiadaescalada.com.br\/ingles\/climbing-in-rio\/climbing-in-rio-sugarloaf\/","title":{"rendered":"Climbing Sugarloaf Mountain in Rio"},"content":{"rendered":"\t\t<div data-elementor-type=\"wp-page\" data-elementor-id=\"291\" class=\"elementor elementor-291\">\n\t\t\t\t\t\t<section class=\"elementor-section elementor-top-section elementor-element elementor-element-5d6c4b35 elementor-section-boxed elementor-section-height-default elementor-section-height-default\" data-id=\"5d6c4b35\" data-element_type=\"section\" data-e-type=\"section\">\n\t\t\t\t\t\t<div class=\"elementor-container elementor-column-gap-default\">\n\t\t\t\t\t<div class=\"elementor-column elementor-col-100 elementor-top-column elementor-element elementor-element-83e3be1\" data-id=\"83e3be1\" data-element_type=\"column\" data-e-type=\"column\">\n\t\t\t<div class=\"elementor-widget-wrap elementor-element-populated\">\n\t\t\t\t\t\t<div class=\"elementor-element elementor-element-3c24a9f2 elementor-widget elementor-widget-heading\" data-id=\"3c24a9f2\" data-element_type=\"widget\" data-e-type=\"widget\" data-widget_type=\"heading.default\">\n\t\t\t\t<div class=\"elementor-widget-container\">\n\t\t\t\t\t<h1 class=\"elementor-heading-title elementor-size-default\">Climbing Sugarloaf Mountain in Rio<\/h1>\t\t\t\t<\/div>\n\t\t\t\t<\/div>\n\t\t\t\t<div class=\"elementor-element elementor-element-6f559dbb elementor-widget-divider--view-line elementor-widget elementor-widget-divider\" data-id=\"6f559dbb\" data-element_type=\"widget\" data-e-type=\"widget\" data-widget_type=\"divider.default\">\n\t\t\t\t<div class=\"elementor-widget-container\">\n\t\t\t\t\t\t\t<div class=\"elementor-divider\">\n\t\t\t<span class=\"elementor-divider-separator\">\n\t\t\t\t\t\t<\/span>\n\t\t<\/div>\n\t\t\t\t\t\t<\/div>\n\t\t\t\t<\/div>\n\t\t\t\t\t<\/div>\n\t\t<\/div>\n\t\t\t\t\t<\/div>\n\t\t<\/section>\n\t\t\t\t<section class=\"elementor-section elementor-top-section elementor-element elementor-element-3a08184 elementor-section-boxed elementor-section-height-default elementor-section-height-default\" data-id=\"3a08184\" data-element_type=\"section\" data-e-type=\"section\">\n\t\t\t\t\t\t<div class=\"elementor-container elementor-column-gap-default\">\n\t\t\t\t\t<div class=\"elementor-column elementor-col-100 elementor-top-column elementor-element elementor-element-689f7cd\" data-id=\"689f7cd\" data-element_type=\"column\" data-e-type=\"column\">\n\t\t\t<div class=\"elementor-widget-wrap elementor-element-populated\">\n\t\t\t\t\t\t<div class=\"elementor-element elementor-element-e831496 elementor-widget elementor-widget-text-editor\" data-id=\"e831496\" data-element_type=\"widget\" data-e-type=\"widget\" data-widget_type=\"text-editor.default\">\n\t\t\t\t<div class=\"elementor-widget-container\">\n\t\t\t\t\t\t\t\t\t<p>Climbing Sugarloaf Mountain (P\u00e3o de A\u00e7\u00facar) in Rio is something you must do! Even if you have no climbing experience or are a beginner rock climber, it is possible to reach the top with our guides and appropriate equipment via the easiest route, the Cost\u00e3o Route. If this is your case, read <a style=\"font-size: inherit; text-align: inherit; font-family: var(--theme-font-family); font-style: var(--theme-font-style, inherit); font-weight: var(--theme-font-weight); letter-spacing: var(--theme-letter-spacing); text-transform: var(--theme-text-transform);\" href=\"https:\/\/companhiadaescalada.com.br\/ingles\/climbing-in-rio\/sugarloaf-mountain-hike-rio\/\">Sugarloaf Mountain Hike<\/a>. If you are an experienced rock climber and need a guide or instructor, read <a style=\"font-size: inherit; text-align: inherit; font-family: var(--theme-font-family); font-style: var(--theme-font-style, inherit); font-weight: var(--theme-font-weight); letter-spacing: var(--theme-letter-spacing); text-transform: var(--theme-text-transform);\" href=\"https:\/\/companhiadaescalada.com.br\/ingles\/climbing-in-rio\/rock-climbing-sugarloaf-rio\/\">Sugarloaf Mountain for experienced rock climbers<\/a>. There are routes of different levels, including Via dos Italianos, one of the <a style=\"font-size: var(--theme-font-size); text-align: inherit; font-family: var(--theme-font-family); font-style: var(--theme-font-style, inherit); font-weight: var(--theme-font-weight); letter-spacing: var(--theme-letter-spacing); text-transform: var(--theme-text-transform); transition: var(--theme-transition);\" href=\"https:\/\/companhiadaescalada.com.br\/produto\/50-vias-classicas-no-brasil\/\" target=\"_blank\" rel=\"noopener\">50 classic routes in Brazil<\/a>.<\/p>\t\t\t\t\t\t\t\t<\/div>\n\t\t\t\t<\/div>\n\t\t\t\t\t<\/div>\n\t\t<\/div>\n\t\t\t\t\t<\/div>\n\t\t<\/section>\n\t\t\t\t<section class=\"elementor-section elementor-top-section elementor-element elementor-element-1bd6a0b2 elementor-section-boxed elementor-section-height-default elementor-section-height-default\" data-id=\"1bd6a0b2\" data-element_type=\"section\" data-e-type=\"section\">\n\t\t\t\t\t\t<div class=\"elementor-container elementor-column-gap-default\">\n\t\t\t\t\t<div class=\"elementor-column elementor-col-100 elementor-top-column elementor-element elementor-element-33ea4b12\" data-id=\"33ea4b12\" data-element_type=\"column\" data-e-type=\"column\">\n\t\t\t<div class=\"elementor-widget-wrap elementor-element-populated\">\n\t\t\t\t\t\t<section class=\"elementor-section elementor-inner-section elementor-element elementor-element-670ac9d0 elementor-section-boxed elementor-section-height-default elementor-section-height-default\" data-id=\"670ac9d0\" data-element_type=\"section\" data-e-type=\"section\">\n\t\t\t\t\t\t<div class=\"elementor-container elementor-column-gap-wider\">\n\t\t\t\t\t<div class=\"elementor-column elementor-col-50 elementor-inner-column elementor-element elementor-element-4c394dc9\" data-id=\"4c394dc9\" data-element_type=\"column\" data-e-type=\"column\">\n\t\t\t<div class=\"elementor-widget-wrap elementor-element-populated\">\n\t\t\t\t\t\t<div class=\"elementor-element elementor-element-8ae05b4 elementor-widget elementor-widget-heading\" data-id=\"8ae05b4\" data-element_type=\"widget\" data-e-type=\"widget\" data-widget_type=\"heading.default\">\n\t\t\t\t<div class=\"elementor-widget-container\">\n\t\t\t\t\t<h2 class=\"elementor-heading-title elementor-size-default\">SUGARLOAF MOUNTAIN HIKE<\/h2>\t\t\t\t<\/div>\n\t\t\t\t<\/div>\n\t\t\t\t<div class=\"elementor-element elementor-element-af1880e elementor-widget elementor-widget-image\" data-id=\"af1880e\" data-element_type=\"widget\" data-e-type=\"widget\" data-widget_type=\"image.default\">\n\t\t\t\t<div class=\"elementor-widget-container\">\n\t\t\t\t\t\t\t\t\t\t\t\t\t\t\t<img fetchpriority=\"high\" decoding=\"async\" width=\"510\" height=\"354\" src=\"https:\/\/companhiadaescalada.com.br\/ingles\/wp-content\/uploads\/2021\/04\/climbing-pao-de-acucar-1a.jpg\" class=\"attachment-large size-large wp-image-36323\" alt=\"Sugarloaf mountain hike in Rio\" srcset=\"https:\/\/companhiadaescalada.com.br\/ingles\/wp-content\/uploads\/2021\/04\/climbing-pao-de-acucar-1a.jpg 510w, https:\/\/companhiadaescalada.com.br\/ingles\/wp-content\/uploads\/2021\/04\/climbing-pao-de-acucar-1a-300x208.jpg 300w\" sizes=\"(max-width: 510px) 100vw, 510px\" \/>\t\t\t\t\t\t\t\t\t\t\t\t\t\t\t<\/div>\n\t\t\t\t<\/div>\n\t\t\t\t<div class=\"elementor-element elementor-element-0c04d7a elementor-align-center elementor-mobile-align-center elementor-widget elementor-widget-button\" data-id=\"0c04d7a\" data-element_type=\"widget\" data-e-type=\"widget\" data-widget_type=\"button.default\">\n\t\t\t\t<div class=\"elementor-widget-container\">\n\t\t\t\t\t\t\t\t\t<div class=\"elementor-button-wrapper\">\n\t\t\t\t\t<a class=\"elementor-button elementor-button-link elementor-size-md\" href=\"https:\/\/companhiadaescalada.com.br\/ingles\/climbing-in-rio\/sugarloaf-mountain-hike-rio\/\">\n\t\t\t\t\t\t<span class=\"elementor-button-content-wrapper\">\n\t\t\t\t\t\t\t\t\t<span class=\"elementor-button-text\">SEE MORE<\/span>\n\t\t\t\t\t<\/span>\n\t\t\t\t\t<\/a>\n\t\t\t\t<\/div>\n\t\t\t\t\t\t\t\t<\/div>\n\t\t\t\t<\/div>\n\t\t\t\t<div class=\"elementor-element elementor-element-4b4bdc6 elementor-widget-divider--view-line elementor-widget elementor-widget-divider\" data-id=\"4b4bdc6\" data-element_type=\"widget\" data-e-type=\"widget\" data-widget_type=\"divider.default\">\n\t\t\t\t<div class=\"elementor-widget-container\">\n\t\t\t\t\t\t\t<div class=\"elementor-divider\">\n\t\t\t<span class=\"elementor-divider-separator\">\n\t\t\t\t\t\t<\/span>\n\t\t<\/div>\n\t\t\t\t\t\t<\/div>\n\t\t\t\t<\/div>\n\t\t\t\t\t<\/div>\n\t\t<\/div>\n\t\t\t\t<div class=\"elementor-column elementor-col-50 elementor-inner-column elementor-element elementor-element-169be079\" data-id=\"169be079\" data-element_type=\"column\" data-e-type=\"column\">\n\t\t\t<div class=\"elementor-widget-wrap elementor-element-populated\">\n\t\t\t\t\t\t<div class=\"elementor-element elementor-element-73056d1 elementor-widget elementor-widget-heading\" data-id=\"73056d1\" data-element_type=\"widget\" data-e-type=\"widget\" data-widget_type=\"heading.default\">\n\t\t\t\t<div class=\"elementor-widget-container\">\n\t\t\t\t\t<h2 class=\"elementor-heading-title elementor-size-default\">SUGARLOAF FOR EXPERIENCED ROCK CLIMBERS<\/h2>\t\t\t\t<\/div>\n\t\t\t\t<\/div>\n\t\t\t\t<div class=\"elementor-element elementor-element-c955441 elementor-widget elementor-widget-image\" data-id=\"c955441\" data-element_type=\"widget\" data-e-type=\"widget\" data-widget_type=\"image.default\">\n\t\t\t\t<div class=\"elementor-widget-container\">\n\t\t\t\t\t\t\t\t\t\t\t\t\t\t\t<img decoding=\"async\" width=\"622\" height=\"350\" src=\"https:\/\/companhiadaescalada.com.br\/ingles\/wp-content\/uploads\/2023\/01\/climbing-the-italian-route-on-sugarloaf.jpg\" class=\"attachment-large size-large wp-image-36468\" alt=\"Climbing the Italian Route on Sugarloaf\" srcset=\"https:\/\/companhiadaescalada.com.br\/ingles\/wp-content\/uploads\/2023\/01\/climbing-the-italian-route-on-sugarloaf.jpg 622w, https:\/\/companhiadaescalada.com.br\/ingles\/wp-content\/uploads\/2023\/01\/climbing-the-italian-route-on-sugarloaf-300x169.jpg 300w\" sizes=\"(max-width: 622px) 100vw, 622px\" \/>\t\t\t\t\t\t\t\t\t\t\t\t\t\t\t<\/div>\n\t\t\t\t<\/div>\n\t\t\t\t<div class=\"elementor-element elementor-element-3d5b2fa elementor-align-center elementor-mobile-align-center elementor-widget elementor-widget-button\" data-id=\"3d5b2fa\" data-element_type=\"widget\" data-e-type=\"widget\" data-widget_type=\"button.default\">\n\t\t\t\t<div class=\"elementor-widget-container\">\n\t\t\t\t\t\t\t\t\t<div class=\"elementor-button-wrapper\">\n\t\t\t\t\t<a class=\"elementor-button elementor-button-link elementor-size-md\" href=\"https:\/\/companhiadaescalada.com.br\/ingles\/climbing-in-rio\/rock-climbing-sugarloaf-rio\/\">\n\t\t\t\t\t\t<span class=\"elementor-button-content-wrapper\">\n\t\t\t\t\t\t\t\t\t<span class=\"elementor-button-text\">SEE MORE<\/span>\n\t\t\t\t\t<\/span>\n\t\t\t\t\t<\/a>\n\t\t\t\t<\/div>\n\t\t\t\t\t\t\t\t<\/div>\n\t\t\t\t<\/div>\n\t\t\t\t<div class=\"elementor-element elementor-element-e781162 elementor-widget-divider--view-line elementor-widget elementor-widget-divider\" data-id=\"e781162\" data-element_type=\"widget\" data-e-type=\"widget\" data-widget_type=\"divider.default\">\n\t\t\t\t<div class=\"elementor-widget-container\">\n\t\t\t\t\t\t\t<div class=\"elementor-divider\">\n\t\t\t<span class=\"elementor-divider-separator\">\n\t\t\t\t\t\t<\/span>\n\t\t<\/div>\n\t\t\t\t\t\t<\/div>\n\t\t\t\t<\/div>\n\t\t\t\t\t<\/div>\n\t\t<\/div>\n\t\t\t\t\t<\/div>\n\t\t<\/section>\n\t\t\t\t\t<\/div>\n\t\t<\/div>\n\t\t\t\t\t<\/div>\n\t\t<\/section>\n\t\t\t\t<\/div>\n\t\t","protected":false},"excerpt":{"rendered":"<p>H\u00e1 diversas escaladas no P\u00e3o de A\u00e7\u00facar, de f\u00e1ceis a dif\u00edceis. H\u00e1 caminhos at\u00e9 para quem nunca escalou. Para escaladores a Via dos Italianos \u00e9 uma cl\u00e1ssica.<\/p>\n","protected":false},"author":1,"featured_media":0,"parent":289,"menu_order":0,"comment_status":"closed","ping_status":"closed","template":"","meta":{"footnotes":""},"class_list":["post-291","page","type-page","status-publish","hentry"],"blocksy_meta":{"styles_descriptor":{"styles":{"desktop":"","tablet":"","mobile":""},"google_fonts":[],"version":6}},"yoast_head":"<!-- This site is optimized with the Yoast SEO plugin v27.5 - https:\/\/yoast.com\/product\/yoast-seo-wordpress\/ -->\n<title>Climbing Sugarloaf Mountain in Rio (P\u00e3o de A\u00e7\u00facar) Guide Service<\/title>\n<meta name=\"description\" content=\"Climbing Sugarloaf Mountain (P\u00e3o de A\u00e7\u00facar) in Rio is something you must do! We have a team of certified climbing guides to guide you in Rio.\" \/>\n<meta name=\"robots\" content=\"index, follow, max-snippet:-1, max-image-preview:large, max-video-preview:-1\" \/>\n<link rel=\"canonical\" href=\"https:\/\/companhiadaescalada.com.br\/ingles\/climbing-in-rio\/climbing-in-rio-sugarloaf\/\" \/>\n<meta property=\"og:locale\" content=\"pt_BR\" \/>\n<meta property=\"og:type\" content=\"article\" \/>\n<meta property=\"og:title\" content=\"Climbing Sugarloaf Mountain in Rio (P\u00e3o de A\u00e7\u00facar) Guide Service\" \/>\n<meta property=\"og:description\" content=\"Climbing Sugarloaf Mountain (P\u00e3o de A\u00e7\u00facar) in Rio is something you must do! We have a team of certified climbing guides to guide you in Rio.\" \/>\n<meta property=\"og:url\" content=\"https:\/\/companhiadaescalada.com.br\/ingles\/climbing-in-rio\/climbing-in-rio-sugarloaf\/\" \/>\n<meta property=\"og:site_name\" content=\"Companhia da Escalada - Mountain Climbing School\" \/>\n<meta property=\"article:modified_time\" content=\"2024-10-02T15:47:04+00:00\" \/>\n<meta property=\"og:image\" content=\"https:\/\/companhiadaescalada.com.br\/ingles\/wp-content\/uploads\/2021\/04\/climbing-pao-de-acucar-1a.jpg\" \/>\n\t<meta property=\"og:image:width\" content=\"510\" \/>\n\t<meta property=\"og:image:height\" content=\"354\" \/>\n\t<meta property=\"og:image:type\" content=\"image\/jpeg\" \/>\n<meta name=\"twitter:card\" content=\"summary_large_image\" \/>\n<meta name=\"twitter:label1\" content=\"Est. tempo de leitura\" \/>\n\t<meta name=\"twitter:data1\" content=\"2 minutos\" \/>\n<script type=\"application\/ld+json\" class=\"yoast-schema-graph\">{\"@context\":\"https:\\\/\\\/schema.org\",\"@graph\":[{\"@type\":\"WebPage\",\"@id\":\"https:\\\/\\\/companhiadaescalada.com.br\\\/ingles\\\/climbing-in-rio\\\/climbing-in-rio-sugarloaf\\\/\",\"url\":\"https:\\\/\\\/companhiadaescalada.com.br\\\/ingles\\\/climbing-in-rio\\\/climbing-in-rio-sugarloaf\\\/\",\"name\":\"Climbing Sugarloaf Mountain in Rio (P\u00e3o de A\u00e7\u00facar) Guide Service\",\"isPartOf\":{\"@id\":\"https:\\\/\\\/companhiadaescalada.com.br\\\/ingles\\\/#website\"},\"primaryImageOfPage\":{\"@id\":\"https:\\\/\\\/companhiadaescalada.com.br\\\/ingles\\\/climbing-in-rio\\\/climbing-in-rio-sugarloaf\\\/#primaryimage\"},\"image\":{\"@id\":\"https:\\\/\\\/companhiadaescalada.com.br\\\/ingles\\\/climbing-in-rio\\\/climbing-in-rio-sugarloaf\\\/#primaryimage\"},\"thumbnailUrl\":\"https:\\\/\\\/companhiadaescalada.com.br\\\/ingles\\\/wp-content\\\/uploads\\\/2021\\\/04\\\/climbing-pao-de-acucar-1a.jpg\",\"datePublished\":\"2013-04-22T23:01:50+00:00\",\"dateModified\":\"2024-10-02T15:47:04+00:00\",\"description\":\"Climbing Sugarloaf Mountain (P\u00e3o de A\u00e7\u00facar) in Rio is something you must do! We have a team of certified climbing guides to guide you in Rio.\",\"breadcrumb\":{\"@id\":\"https:\\\/\\\/companhiadaescalada.com.br\\\/ingles\\\/climbing-in-rio\\\/climbing-in-rio-sugarloaf\\\/#breadcrumb\"},\"inLanguage\":\"pt-BR\",\"potentialAction\":[{\"@type\":\"ReadAction\",\"target\":[\"https:\\\/\\\/companhiadaescalada.com.br\\\/ingles\\\/climbing-in-rio\\\/climbing-in-rio-sugarloaf\\\/\"]}]},{\"@type\":\"ImageObject\",\"inLanguage\":\"pt-BR\",\"@id\":\"https:\\\/\\\/companhiadaescalada.com.br\\\/ingles\\\/climbing-in-rio\\\/climbing-in-rio-sugarloaf\\\/#primaryimage\",\"url\":\"https:\\\/\\\/companhiadaescalada.com.br\\\/ingles\\\/wp-content\\\/uploads\\\/2021\\\/04\\\/climbing-pao-de-acucar-1a.jpg\",\"contentUrl\":\"https:\\\/\\\/companhiadaescalada.com.br\\\/ingles\\\/wp-content\\\/uploads\\\/2021\\\/04\\\/climbing-pao-de-acucar-1a.jpg\",\"width\":510,\"height\":354,\"caption\":\"Sugarloaf mountain hike in Rio\"},{\"@type\":\"BreadcrumbList\",\"@id\":\"https:\\\/\\\/companhiadaescalada.com.br\\\/ingles\\\/climbing-in-rio\\\/climbing-in-rio-sugarloaf\\\/#breadcrumb\",\"itemListElement\":[{\"@type\":\"ListItem\",\"position\":1,\"name\":\"In\u00edcio\",\"item\":\"https:\\\/\\\/companhiadaescalada.com.br\\\/ingles\\\/\"},{\"@type\":\"ListItem\",\"position\":2,\"name\":\"Rock climbing in Rio de Janeiro\",\"item\":\"https:\\\/\\\/companhiadaescalada.com.br\\\/ingles\\\/climbing-in-rio\\\/\"},{\"@type\":\"ListItem\",\"position\":3,\"name\":\"Climbing Sugarloaf Mountain in Rio\"}]},{\"@type\":\"WebSite\",\"@id\":\"https:\\\/\\\/companhiadaescalada.com.br\\\/ingles\\\/#website\",\"url\":\"https:\\\/\\\/companhiadaescalada.com.br\\\/ingles\\\/\",\"name\":\"Companhia da Escalada - Mountain Climbing School\",\"description\":\"\",\"publisher\":{\"@id\":\"https:\\\/\\\/companhiadaescalada.com.br\\\/ingles\\\/#organization\"},\"potentialAction\":[{\"@type\":\"SearchAction\",\"target\":{\"@type\":\"EntryPoint\",\"urlTemplate\":\"https:\\\/\\\/companhiadaescalada.com.br\\\/ingles\\\/?s={search_term_string}\"},\"query-input\":{\"@type\":\"PropertyValueSpecification\",\"valueRequired\":true,\"valueName\":\"search_term_string\"}}],\"inLanguage\":\"pt-BR\"},{\"@type\":\"Organization\",\"@id\":\"https:\\\/\\\/companhiadaescalada.com.br\\\/ingles\\\/#organization\",\"name\":\"Companhia da Escalada - Mountain Climbing School\",\"url\":\"https:\\\/\\\/companhiadaescalada.com.br\\\/ingles\\\/\",\"logo\":{\"@type\":\"ImageObject\",\"inLanguage\":\"pt-BR\",\"@id\":\"https:\\\/\\\/companhiadaescalada.com.br\\\/ingles\\\/#\\\/schema\\\/logo\\\/image\\\/\",\"url\":\"https:\\\/\\\/companhiadaescalada.com.br\\\/ingles\\\/wp-content\\\/uploads\\\/2021\\\/03\\\/companhia-escalada-logo-1.png\",\"contentUrl\":\"https:\\\/\\\/companhiadaescalada.com.br\\\/ingles\\\/wp-content\\\/uploads\\\/2021\\\/03\\\/companhia-escalada-logo-1.png\",\"width\":350,\"height\":91,\"caption\":\"Companhia da Escalada - Mountain Climbing School\"},\"image\":{\"@id\":\"https:\\\/\\\/companhiadaescalada.com.br\\\/ingles\\\/#\\\/schema\\\/logo\\\/image\\\/\"}}]}<\/script>\n<!-- \/ Yoast SEO plugin. -->","yoast_head_json":{"title":"Climbing Sugarloaf Mountain in Rio (P\u00e3o de A\u00e7\u00facar) Guide Service","description":"Climbing Sugarloaf Mountain (P\u00e3o de A\u00e7\u00facar) in Rio is something you must do! We have a team of certified climbing guides to guide you in Rio.","robots":{"index":"index","follow":"follow","max-snippet":"max-snippet:-1","max-image-preview":"max-image-preview:large","max-video-preview":"max-video-preview:-1"},"canonical":"https:\/\/companhiadaescalada.com.br\/ingles\/climbing-in-rio\/climbing-in-rio-sugarloaf\/","og_locale":"pt_BR","og_type":"article","og_title":"Climbing Sugarloaf Mountain in Rio (P\u00e3o de A\u00e7\u00facar) Guide Service","og_description":"Climbing Sugarloaf Mountain (P\u00e3o de A\u00e7\u00facar) in Rio is something you must do! We have a team of certified climbing guides to guide you in Rio.","og_url":"https:\/\/companhiadaescalada.com.br\/ingles\/climbing-in-rio\/climbing-in-rio-sugarloaf\/","og_site_name":"Companhia da Escalada - Mountain Climbing School","article_modified_time":"2024-10-02T15:47:04+00:00","og_image":[{"width":510,"height":354,"url":"https:\/\/companhiadaescalada.com.br\/ingles\/wp-content\/uploads\/2021\/04\/climbing-pao-de-acucar-1a.jpg","type":"image\/jpeg"}],"twitter_card":"summary_large_image","twitter_misc":{"Est. tempo de leitura":"2 minutos"},"schema":{"@context":"https:\/\/schema.org","@graph":[{"@type":"WebPage","@id":"https:\/\/companhiadaescalada.com.br\/ingles\/climbing-in-rio\/climbing-in-rio-sugarloaf\/","url":"https:\/\/companhiadaescalada.com.br\/ingles\/climbing-in-rio\/climbing-in-rio-sugarloaf\/","name":"Climbing Sugarloaf Mountain in Rio (P\u00e3o de A\u00e7\u00facar) Guide Service","isPartOf":{"@id":"https:\/\/companhiadaescalada.com.br\/ingles\/#website"},"primaryImageOfPage":{"@id":"https:\/\/companhiadaescalada.com.br\/ingles\/climbing-in-rio\/climbing-in-rio-sugarloaf\/#primaryimage"},"image":{"@id":"https:\/\/companhiadaescalada.com.br\/ingles\/climbing-in-rio\/climbing-in-rio-sugarloaf\/#primaryimage"},"thumbnailUrl":"https:\/\/companhiadaescalada.com.br\/ingles\/wp-content\/uploads\/2021\/04\/climbing-pao-de-acucar-1a.jpg","datePublished":"2013-04-22T23:01:50+00:00","dateModified":"2024-10-02T15:47:04+00:00","description":"Climbing Sugarloaf Mountain (P\u00e3o de A\u00e7\u00facar) in Rio is something you must do! We have a team of certified climbing guides to guide you in Rio.","breadcrumb":{"@id":"https:\/\/companhiadaescalada.com.br\/ingles\/climbing-in-rio\/climbing-in-rio-sugarloaf\/#breadcrumb"},"inLanguage":"pt-BR","potentialAction":[{"@type":"ReadAction","target":["https:\/\/companhiadaescalada.com.br\/ingles\/climbing-in-rio\/climbing-in-rio-sugarloaf\/"]}]},{"@type":"ImageObject","inLanguage":"pt-BR","@id":"https:\/\/companhiadaescalada.com.br\/ingles\/climbing-in-rio\/climbing-in-rio-sugarloaf\/#primaryimage","url":"https:\/\/companhiadaescalada.com.br\/ingles\/wp-content\/uploads\/2021\/04\/climbing-pao-de-acucar-1a.jpg","contentUrl":"https:\/\/companhiadaescalada.com.br\/ingles\/wp-content\/uploads\/2021\/04\/climbing-pao-de-acucar-1a.jpg","width":510,"height":354,"caption":"Sugarloaf mountain hike in Rio"},{"@type":"BreadcrumbList","@id":"https:\/\/companhiadaescalada.com.br\/ingles\/climbing-in-rio\/climbing-in-rio-sugarloaf\/#breadcrumb","itemListElement":[{"@type":"ListItem","position":1,"name":"In\u00edcio","item":"https:\/\/companhiadaescalada.com.br\/ingles\/"},{"@type":"ListItem","position":2,"name":"Rock climbing in Rio de Janeiro","item":"https:\/\/companhiadaescalada.com.br\/ingles\/climbing-in-rio\/"},{"@type":"ListItem","position":3,"name":"Climbing Sugarloaf Mountain in Rio"}]},{"@type":"WebSite","@id":"https:\/\/companhiadaescalada.com.br\/ingles\/#website","url":"https:\/\/companhiadaescalada.com.br\/ingles\/","name":"Companhia da Escalada - Mountain Climbing School","description":"","publisher":{"@id":"https:\/\/companhiadaescalada.com.br\/ingles\/#organization"},"potentialAction":[{"@type":"SearchAction","target":{"@type":"EntryPoint","urlTemplate":"https:\/\/companhiadaescalada.com.br\/ingles\/?s={search_term_string}"},"query-input":{"@type":"PropertyValueSpecification","valueRequired":true,"valueName":"search_term_string"}}],"inLanguage":"pt-BR"},{"@type":"Organization","@id":"https:\/\/companhiadaescalada.com.br\/ingles\/#organization","name":"Companhia da Escalada - Mountain Climbing School","url":"https:\/\/companhiadaescalada.com.br\/ingles\/","logo":{"@type":"ImageObject","inLanguage":"pt-BR","@id":"https:\/\/companhiadaescalada.com.br\/ingles\/#\/schema\/logo\/image\/","url":"https:\/\/companhiadaescalada.com.br\/ingles\/wp-content\/uploads\/2021\/03\/companhia-escalada-logo-1.png","contentUrl":"https:\/\/companhiadaescalada.com.br\/ingles\/wp-content\/uploads\/2021\/03\/companhia-escalada-logo-1.png","width":350,"height":91,"caption":"Companhia da Escalada - Mountain Climbing School"},"image":{"@id":"https:\/\/companhiadaescalada.com.br\/ingles\/#\/schema\/logo\/image\/"}}]}},"_links":{"self":[{"href":"https:\/\/companhiadaescalada.com.br\/ingles\/wp-json\/wp\/v2\/pages\/291","targetHints":{"allow":["GET"]}}],"collection":[{"href":"https:\/\/companhiadaescalada.com.br\/ingles\/wp-json\/wp\/v2\/pages"}],"about":[{"href":"https:\/\/companhiadaescalada.com.br\/ingles\/wp-json\/wp\/v2\/types\/page"}],"author":[{"embeddable":true,"href":"https:\/\/companhiadaescalada.com.br\/ingles\/wp-json\/wp\/v2\/users\/1"}],"replies":[{"embeddable":true,"href":"https:\/\/companhiadaescalada.com.br\/ingles\/wp-json\/wp\/v2\/comments?post=291"}],"version-history":[{"count":54,"href":"https:\/\/companhiadaescalada.com.br\/ingles\/wp-json\/wp\/v2\/pages\/291\/revisions"}],"predecessor-version":[{"id":37230,"href":"https:\/\/companhiadaescalada.com.br\/ingles\/wp-json\/wp\/v2\/pages\/291\/revisions\/37230"}],"up":[{"embeddable":true,"href":"https:\/\/companhiadaescalada.com.br\/ingles\/wp-json\/wp\/v2\/pages\/289"}],"wp:attachment":[{"href":"https:\/\/companhiadaescalada.com.br\/ingles\/wp-json\/wp\/v2\/media?parent=291"}],"curies":[{"name":"wp","href":"https:\/\/api.w.org\/{rel}","templated":true}]}}